{"id":998,"date":"2011-02-22T23:19:30","date_gmt":"2011-02-22T23:19:30","guid":{"rendered":"http:\/\/www.martinpinsonnault.com\/"},"modified":"2011-04-07T09:29:55","modified_gmt":"2011-04-07T13:29:55","slug":"escape-from-wildcat-canyon","status":"publish","type":"page","link":"http:\/\/www.martinpinsonnault.com\/fr\/films\/escape-from-wildcat-canyon\/","title":{"rendered":"Escape from Wildcat Canyon"},"content":{"rendered":"<p><img loading=\"lazy\" class=\"alignnone size-full wp-image-1206\" title=\"escapefromwildcatcanyon\" src=\"http:\/\/www.martinpinsonnault.com\/wp-content\/uploads\/2011\/02\/escapefromwildcatcanyon.jpg\" alt=\"\" width=\"214\" height=\"314\" srcset=\"http:\/\/www.martinpinsonnault.com\/wp-content\/uploads\/2011\/02\/escapefromwildcatcanyon.jpg 214w, http:\/\/www.martinpinsonnault.com\/wp-content\/uploads\/2011\/02\/escapefromwildcatcanyon-150x220.jpg 150w\" sizes=\"(max-width: 214px) 100vw, 214px\" \/><\/p>\n<h4><strong>G\u00e9n\u00e9rique:<\/strong><\/h4>\n<table style=\"background-color: #ffffff;\" border=\"0\" cellspacing=\"5\" cellpadding=\"5\" width=\"450\" bordercolor=\"#ffffff\">\n<tbody>\n<tr>\n<td align=\"right\"><strong>Pays:<\/strong><\/td>\n<td>Canada<\/td>\n<\/tr>\n<tr>\n<td align=\"right\"><strong>Compagnie de production:<\/strong><\/td>\n<td>Cypress Point Productions<\/td>\n<\/tr>\n<tr>\n<td align=\"right\"><strong>Ann\u00e9e:<\/strong><\/td>\n<td>1998<\/td>\n<\/tr>\n<tr>\n<td align=\"right\"><strong>R\u00e9alisateur:<\/strong><\/td>\n<td>Marc F. Voizard<\/td>\n<\/tr>\n<tr>\n<td align=\"right\"><strong>Producteur:<\/strong><\/td>\n<td>Micheline Garant<\/td>\n<\/tr>\n<tr>\n<td align=\"right\"><strong>Musicien:<\/strong><\/td>\n<td>N.D.<\/td>\n<\/tr>\n<tr>\n<td align=\"right\"><strong>Superviseur de montage sonore:<\/strong><\/td>\n<td>Viateur Paiement<\/td>\n<\/tr>\n<tr>\n<td align=\"right\"><strong>Concepteur sonore:<\/strong><\/td>\n<td>Martin Pinsonnault<br \/>\nChristian Rivest<br \/>\nFran\u00e7ois Senneville<\/td>\n<\/tr>\n<tr>\n<td align=\"right\"><strong>Monteur effet sonore:<\/strong><\/td>\n<td>N.D.<\/td>\n<\/tr>\n<tr>\n<td align=\"right\"><strong>Preneur de son:<\/strong><\/td>\n<td>Don Cohen<\/td>\n<\/tr>\n<tr>\n<td align=\"right\"><strong>Monteur dialogue:<\/strong><\/td>\n<td>Guy Pelletier<\/td>\n<\/tr>\n<tr>\n<td align=\"right\"><strong>Bruiteur:<\/strong><\/td>\n<td>Guy Francoeur<\/td>\n<\/tr>\n<tr>\n<td align=\"right\"><strong>Preneur de son bruitage:<\/strong><\/td>\n<td>Daniel Bisson<\/td>\n<\/tr>\n<tr>\n<td align=\"right\"><strong>Preneur de son postsynchronisation<\/strong><strong>:<\/strong><\/td>\n<td>N.D.<\/td>\n<\/tr>\n<tr>\n<td align=\"right\"><strong>Superviseur de postsynchronisation<\/strong><strong>:<\/strong><\/td>\n<td>Jacques Plante<\/td>\n<\/tr>\n<tr>\n<td align=\"right\"><strong>Mixeur<\/strong><strong>:<\/strong><\/td>\n<td>Louis Hone<\/td>\n<\/tr>\n<\/tbody>\n<\/table>\n","protected":false},"excerpt":{"rendered":"<p>G\u00e9n\u00e9rique: Pays: Canada Compagnie de production: Cypress Point Productions Ann\u00e9e: 1998 R\u00e9alisateur: Marc F. Voizard Producteur: Micheline Garant Musicien: N.D. Superviseur de montage sonore: Viateur Paiement Concepteur sonore: Martin Pinsonnault Christian Rivest Fran\u00e7ois Senneville Monteur effet sonore: N.D. Preneur de son: Don Cohen Monteur dialogue: Guy Pelletier Bruiteur: Guy Francoeur Preneur de son bruitage: Daniel<br \/><a class=\"moretag\" href=\"http:\/\/www.martinpinsonnault.com\/fr\/films\/escape-from-wildcat-canyon\/\">+ Read More<\/a><\/p>\n","protected":false},"author":1,"featured_media":0,"parent":347,"menu_order":0,"comment_status":"closed","ping_status":"closed","template":"","meta":[],"_links":{"self":[{"href":"http:\/\/www.martinpinsonnault.com\/wp-json\/wp\/v2\/pages\/998"}],"collection":[{"href":"http:\/\/www.martinpinsonnault.com\/wp-json\/wp\/v2\/pages"}],"about":[{"href":"http:\/\/www.martinpinsonnault.com\/wp-json\/wp\/v2\/types\/page"}],"author":[{"embeddable":true,"href":"http:\/\/www.martinpinsonnault.com\/wp-json\/wp\/v2\/users\/1"}],"replies":[{"embeddable":true,"href":"http:\/\/www.martinpinsonnault.com\/wp-json\/wp\/v2\/comments?post=998"}],"version-history":[{"count":4,"href":"http:\/\/www.martinpinsonnault.com\/wp-json\/wp\/v2\/pages\/998\/revisions"}],"predecessor-version":[{"id":2115,"href":"http:\/\/www.martinpinsonnault.com\/wp-json\/wp\/v2\/pages\/998\/revisions\/2115"}],"up":[{"embeddable":true,"href":"http:\/\/www.martinpinsonnault.com\/wp-json\/wp\/v2\/pages\/347"}],"wp:attachment":[{"href":"http:\/\/www.martinpinsonnault.com\/wp-json\/wp\/v2\/media?parent=998"}],"curies":[{"name":"wp","href":"https:\/\/api.w.org\/{rel}","templated":true}]}}