{"id":995,"date":"2011-02-22T23:18:09","date_gmt":"2011-02-22T23:18:09","guid":{"rendered":"http:\/\/www.martinpinsonnault.com\/"},"modified":"2011-04-07T09:31:41","modified_gmt":"2011-04-07T13:31:41","slug":"going-to-kansas-city","status":"publish","type":"page","link":"http:\/\/www.martinpinsonnault.com\/fr\/films\/going-to-kansas-city\/","title":{"rendered":"Going to Kansas City"},"content":{"rendered":"<p><\/p>\n<h4><strong>G\u00e9n\u00e9rique:<\/strong><\/h4>\n<table style=\"background-color: #ffffff;\" border=\"0\" cellspacing=\"5\" cellpadding=\"5\" width=\"450\" bordercolor=\"#ffffff\">\n<tbody>\n<tr>\n<td align=\"right\"><strong>Pays:<\/strong><\/td>\n<td>Finland, Canada<\/td>\n<\/tr>\n<tr>\n<td align=\"right\"><strong>Compagnie de production:<\/strong><\/td>\n<td>Mandart Entertainment Ltd<\/td>\n<\/tr>\n<tr>\n<td align=\"right\"><strong>Ann\u00e9e:<\/strong><\/td>\n<td>1998<\/td>\n<\/tr>\n<tr>\n<td align=\"right\"><strong>R\u00e9alisateur:<\/strong><\/td>\n<td>Pekka Mandart<\/td>\n<\/tr>\n<tr>\n<td align=\"right\"><strong>Producteur:<\/strong><\/td>\n<td>Lise Abastado<br \/>\nPamela Mandart<\/td>\n<\/tr>\n<tr>\n<td align=\"right\"><strong>Musicien:<\/strong><\/td>\n<td>N.D.<\/td>\n<\/tr>\n<tr>\n<td align=\"right\"><strong>Superviseur de montage sonore:<\/strong><\/td>\n<td>Louis Dupire<\/td>\n<\/tr>\n<tr>\n<td align=\"right\"><strong>Concepteur sonore:<\/strong><\/td>\n<td>N.D.<\/td>\n<\/tr>\n<tr>\n<td align=\"right\"><strong>Monteur effet sonore:<\/strong><\/td>\n<td>Christian Rivest<br \/>\nMartin Pinsonnault<br \/>\nFran\u00e7ois Dupire<\/td>\n<\/tr>\n<tr>\n<td align=\"right\"><strong>Preneur de son:<\/strong><\/td>\n<td>N.D.<\/td>\n<\/tr>\n<tr>\n<td align=\"right\"><strong>Monteur dialogue:<\/strong><\/td>\n<td>Alice Wright<\/td>\n<\/tr>\n<tr>\n<td align=\"right\"><strong>Bruiteur:<\/strong><\/td>\n<td>Guy Francoeur<\/td>\n<\/tr>\n<tr>\n<td align=\"right\"><strong>Preneur de son bruitage:<\/strong><\/td>\n<td>Jocelyn Caron<\/td>\n<\/tr>\n<tr>\n<td align=\"right\"><strong>Preneur de son postsynchronisation<\/strong><strong>:<\/strong><\/td>\n<td>N.D.<\/td>\n<\/tr>\n<tr>\n<td align=\"right\"><strong>Superviseur de postsynchronisation<\/strong><strong>:<\/strong><\/td>\n<td>Diane Boucher<\/td>\n<\/tr>\n<tr>\n<td align=\"right\"><strong>Mixeur<\/strong><strong>:<\/strong><\/td>\n<td>Peter Nordstr\u00f6m<\/td>\n<\/tr>\n<\/tbody>\n<\/table>\n","protected":false},"excerpt":{"rendered":"<p>G\u00e9n\u00e9rique: Pays: Finland, Canada Compagnie de production: Mandart Entertainment Ltd Ann\u00e9e: 1998 R\u00e9alisateur: Pekka Mandart Producteur: Lise Abastado Pamela Mandart Musicien: N.D. Superviseur de montage sonore: Louis Dupire Concepteur sonore: N.D. Monteur effet sonore: Christian Rivest Martin Pinsonnault Fran\u00e7ois Dupire Preneur de son: N.D. Monteur dialogue: Alice Wright Bruiteur: Guy Francoeur Preneur de son bruitage:<br \/><a class=\"moretag\" href=\"http:\/\/www.martinpinsonnault.com\/fr\/films\/going-to-kansas-city\/\">+ Read More<\/a><\/p>\n","protected":false},"author":1,"featured_media":0,"parent":347,"menu_order":0,"comment_status":"closed","ping_status":"closed","template":"","meta":[],"_links":{"self":[{"href":"http:\/\/www.martinpinsonnault.com\/wp-json\/wp\/v2\/pages\/995"}],"collection":[{"href":"http:\/\/www.martinpinsonnault.com\/wp-json\/wp\/v2\/pages"}],"about":[{"href":"http:\/\/www.martinpinsonnault.com\/wp-json\/wp\/v2\/types\/page"}],"author":[{"embeddable":true,"href":"http:\/\/www.martinpinsonnault.com\/wp-json\/wp\/v2\/users\/1"}],"replies":[{"embeddable":true,"href":"http:\/\/www.martinpinsonnault.com\/wp-json\/wp\/v2\/comments?post=995"}],"version-history":[{"count":5,"href":"http:\/\/www.martinpinsonnault.com\/wp-json\/wp\/v2\/pages\/995\/revisions"}],"predecessor-version":[{"id":1202,"href":"http:\/\/www.martinpinsonnault.com\/wp-json\/wp\/v2\/pages\/995\/revisions\/1202"}],"up":[{"embeddable":true,"href":"http:\/\/www.martinpinsonnault.com\/wp-json\/wp\/v2\/pages\/347"}],"wp:attachment":[{"href":"http:\/\/www.martinpinsonnault.com\/wp-json\/wp\/v2\/media?parent=995"}],"curies":[{"name":"wp","href":"https:\/\/api.w.org\/{rel}","templated":true}]}}