{"id":985,"date":"2011-02-22T23:14:27","date_gmt":"2011-02-22T23:14:27","guid":{"rendered":"http:\/\/www.martinpinsonnault.com\/"},"modified":"2011-06-20T10:50:54","modified_gmt":"2011-06-20T14:50:54","slug":"pure-movie","status":"publish","type":"page","link":"http:\/\/www.martinpinsonnault.com\/fr\/films\/pure-movie\/","title":{"rendered":"Pure"},"content":{"rendered":"<p><p><img loading=\"lazy\" class=\"alignnone size-full wp-image-1177\" title=\"pure\" src=\"http:\/\/www.martinpinsonnault.com\/wp-content\/uploads\/2011\/02\/pure.jpg\" alt=\"\" width=\"191\" height=\"250\" srcset=\"http:\/\/www.martinpinsonnault.com\/wp-content\/uploads\/2011\/02\/pure.jpg 191w, http:\/\/www.martinpinsonnault.com\/wp-content\/uploads\/2011\/02\/pure-150x196.jpg 150w\" sizes=\"(max-width: 191px) 100vw, 191px\" \/><\/p>\n<p><iframe loading=\"lazy\" frameborder=\"0\" width=\"560\" height=\"322\" src=\"http:\/\/www.dailymotion.com\/embed\/video\/x455q9?width=560\"><\/iframe><br \/><a href=\"http:\/\/www.dailymotion.com\/video\/x455q9_pure-trailer-large_shortfilms\" target=\"_blank\">Pure_trailer_large<\/a> <i>par <a href=\"http:\/\/www.dailymotion.com\/stess55\" target=\"_blank\">stess55<\/a><\/i><\/p>\n<h4><strong>G\u00e9n\u00e9rique:<\/strong><\/h4>\n<table style=\"background-color: #ffffff;\" border=\"0\" cellspacing=\"5\" cellpadding=\"5\" width=\"450\" bordercolor=\"#ffffff\">\n<tbody>\n<tr>\n<td align=\"right\"><strong>Pays:<\/strong><\/td>\n<td>Canada<\/td>\n<\/tr>\n<tr>\n<td align=\"right\"><strong>Compagnie de production:<\/strong><\/td>\n<td>GPA Films<\/td>\n<\/tr>\n<tr>\n<td align=\"right\"><strong>Ann\u00e9e:<\/strong><\/td>\n<td>2005<\/td>\n<\/tr>\n<tr>\n<td align=\"right\"><strong>R\u00e9alisateur:<\/strong><\/td>\n<td>Jim Donovan<\/td>\n<\/tr>\n<tr>\n<td align=\"right\"><strong>Producteur:<\/strong><\/td>\n<td>Marcel Giroux<br \/>\nVito G. Balenzano<\/td>\n<\/tr>\n<tr>\n<td align=\"right\"><strong>Musicien:<\/strong><\/td>\n<td>N.D.<\/td>\n<\/tr>\n<tr>\n<td align=\"right\"><strong>Superviseur de montage sonore:<\/strong><\/td>\n<td>Martin Pinsonnault<\/td>\n<\/tr>\n<tr>\n<td align=\"right\"><strong>Concepteur sonore:<\/strong><\/td>\n<td>Martin Pinsonnault<br \/>\nJean-Fran\u00e7ois Sauv\u00e9<\/td>\n<\/tr>\n<tr>\n<td align=\"right\"><strong>Monteur effet sonore:<\/strong><\/td>\n<td>Anton Fischlin<\/td>\n<\/tr>\n<tr>\n<td align=\"right\"><strong>Preneur de son:<\/strong><\/td>\n<td>N.D.<\/td>\n<\/tr>\n<tr>\n<td align=\"right\"><strong>Monteur dialogue:<\/strong><\/td>\n<td>Anton Fischlin<\/td>\n<\/tr>\n<tr>\n<td align=\"right\"><strong>Bruiteur:<\/strong><\/td>\n<td>Guy Francoeur<\/td>\n<\/tr>\n<tr>\n<td align=\"right\"><strong>Preneur de son bruitage:<\/strong><\/td>\n<td>Daniel Bisson<\/td>\n<\/tr>\n<tr>\n<td align=\"right\"><strong>Preneur de son postsynchronisation<\/strong><strong>:<\/strong><\/td>\n<td>N.D.<\/td>\n<\/tr>\n<tr>\n<td align=\"right\"><strong>Superviseur de postsynchronisation<\/strong><strong>:<\/strong><\/td>\n<td>N.D.<\/td>\n<\/tr>\n<tr>\n<td align=\"right\"><strong>Mixeur<\/strong><strong>:<\/strong><\/td>\n<td>Gavin Fernandes<\/td>\n<\/tr>\n<\/tbody>\n<\/table>\n","protected":false},"excerpt":{"rendered":"<p>Pure_trailer_large par stess55 G\u00e9n\u00e9rique: Pays: Canada Compagnie de production: GPA Films Ann\u00e9e: 2005 R\u00e9alisateur: Jim Donovan Producteur: Marcel Giroux Vito G. Balenzano Musicien: N.D. Superviseur de montage sonore: Martin Pinsonnault Concepteur sonore: Martin Pinsonnault Jean-Fran\u00e7ois Sauv\u00e9 Monteur effet sonore: Anton Fischlin Preneur de son: N.D. Monteur dialogue: Anton Fischlin Bruiteur: Guy Francoeur Preneur de son<br \/><a class=\"moretag\" href=\"http:\/\/www.martinpinsonnault.com\/fr\/films\/pure-movie\/\">+ Read More<\/a><\/p>\n","protected":false},"author":1,"featured_media":0,"parent":347,"menu_order":0,"comment_status":"closed","ping_status":"closed","template":"","meta":[],"_links":{"self":[{"href":"http:\/\/www.martinpinsonnault.com\/wp-json\/wp\/v2\/pages\/985"}],"collection":[{"href":"http:\/\/www.martinpinsonnault.com\/wp-json\/wp\/v2\/pages"}],"about":[{"href":"http:\/\/www.martinpinsonnault.com\/wp-json\/wp\/v2\/types\/page"}],"author":[{"embeddable":true,"href":"http:\/\/www.martinpinsonnault.com\/wp-json\/wp\/v2\/users\/1"}],"replies":[{"embeddable":true,"href":"http:\/\/www.martinpinsonnault.com\/wp-json\/wp\/v2\/comments?post=985"}],"version-history":[{"count":8,"href":"http:\/\/www.martinpinsonnault.com\/wp-json\/wp\/v2\/pages\/985\/revisions"}],"predecessor-version":[{"id":2672,"href":"http:\/\/www.martinpinsonnault.com\/wp-json\/wp\/v2\/pages\/985\/revisions\/2672"}],"up":[{"embeddable":true,"href":"http:\/\/www.martinpinsonnault.com\/wp-json\/wp\/v2\/pages\/347"}],"wp:attachment":[{"href":"http:\/\/www.martinpinsonnault.com\/wp-json\/wp\/v2\/media?parent=985"}],"curies":[{"name":"wp","href":"https:\/\/api.w.org\/{rel}","templated":true}]}}