{"id":981,"date":"2011-02-22T23:13:30","date_gmt":"2011-02-22T23:13:30","guid":{"rendered":"http:\/\/www.martinpinsonnault.com\/"},"modified":"2011-04-07T10:14:06","modified_gmt":"2011-04-07T14:14:06","slug":"tous-les-autres-sauf-moi","status":"publish","type":"page","link":"http:\/\/www.martinpinsonnault.com\/fr\/films\/tous-les-autres-sauf-moi\/","title":{"rendered":"Tous les autres, sauf moi"},"content":{"rendered":"<p><img loading=\"lazy\" class=\"alignnone size-full wp-image-1173\" title=\"touslesautres\" src=\"http:\/\/www.martinpinsonnault.com\/wp-content\/uploads\/2011\/02\/touslesautres1.jpeg\" alt=\"\" width=\"191\" height=\"250\" srcset=\"http:\/\/www.martinpinsonnault.com\/wp-content\/uploads\/2011\/02\/touslesautres1.jpeg 191w, http:\/\/www.martinpinsonnault.com\/wp-content\/uploads\/2011\/02\/touslesautres1-150x196.jpg 150w\" sizes=\"(max-width: 191px) 100vw, 191px\" \/><\/p>\n<h4><strong>G\u00e9n\u00e9rique:<\/strong><\/h4>\n<table style=\"background-color: #ffffff;\" border=\"0\" cellspacing=\"5\" cellpadding=\"5\" width=\"450\" bordercolor=\"#ffffff\">\n<tbody>\n<tr>\n<td align=\"right\"><strong>Pays:<\/strong><\/td>\n<td>Canada<\/td>\n<\/tr>\n<tr>\n<td align=\"right\"><strong>Compagnie de production:<\/strong><\/td>\n<td>Figura Films<\/td>\n<\/tr>\n<tr>\n<td align=\"right\"><strong>Ann\u00e9e:<\/strong><\/td>\n<td>2006<\/td>\n<\/tr>\n<tr>\n<td align=\"right\"><strong>R\u00e9alisateur:<\/strong><\/td>\n<td>Ann Arson<\/td>\n<\/tr>\n<tr>\n<td align=\"right\"><strong>Producteur:<\/strong><\/td>\n<td>Ann Arson<\/td>\n<\/tr>\n<tr>\n<td align=\"right\"><strong>Musicien:<\/strong><\/td>\n<td>N.D.<\/td>\n<\/tr>\n<tr>\n<td align=\"right\"><strong>Superviseur de montage sonore:<\/strong><\/td>\n<td>Martin Pinsonnault<\/td>\n<\/tr>\n<tr>\n<td align=\"right\"><strong>Concepteur sonore:<\/strong><\/td>\n<td>Martin Pinsonnault<\/td>\n<\/tr>\n<tr>\n<td align=\"right\"><strong>Monteur effet sonore:<\/strong><\/td>\n<td>N.D.<\/td>\n<\/tr>\n<tr>\n<td align=\"right\"><strong>Preneur de son:<\/strong><\/td>\n<td>St\u00e9phane Barsalou<\/td>\n<\/tr>\n<tr>\n<td align=\"right\"><strong>Monteur dialogue:<\/strong><\/td>\n<td>N.D.<\/td>\n<\/tr>\n<tr>\n<td align=\"right\"><strong>Bruiteur:<\/strong><\/td>\n<td>N.D.<\/td>\n<\/tr>\n<tr>\n<td align=\"right\"><strong>Preneur de son bruitage:<\/strong><\/td>\n<td>N.D.<\/td>\n<\/tr>\n<tr>\n<td align=\"right\"><strong>Preneur de son postsynchronisation<\/strong><strong>:<\/strong><\/td>\n<td>N.D.<\/td>\n<\/tr>\n<tr>\n<td align=\"right\"><strong>Superviseur de postsynchronisation<\/strong><strong>:<\/strong><\/td>\n<td>N.D.<\/td>\n<\/tr>\n<tr>\n<td align=\"right\"><strong>Mixeur<\/strong><strong>:<\/strong><\/td>\n<td>Gavin Fernandes<\/td>\n<\/tr>\n<\/tbody>\n<\/table>\n","protected":false},"excerpt":{"rendered":"<p>G\u00e9n\u00e9rique: Pays: Canada Compagnie de production: Figura Films Ann\u00e9e: 2006 R\u00e9alisateur: Ann Arson Producteur: Ann Arson Musicien: N.D. Superviseur de montage sonore: Martin Pinsonnault Concepteur sonore: Martin Pinsonnault Monteur effet sonore: N.D. Preneur de son: St\u00e9phane Barsalou Monteur dialogue: N.D. Bruiteur: N.D. Preneur de son bruitage: N.D. Preneur de son postsynchronisation: N.D. Superviseur de postsynchronisation:<br \/><a class=\"moretag\" href=\"http:\/\/www.martinpinsonnault.com\/fr\/films\/tous-les-autres-sauf-moi\/\">+ Read More<\/a><\/p>\n","protected":false},"author":1,"featured_media":0,"parent":347,"menu_order":0,"comment_status":"closed","ping_status":"closed","template":"","meta":[],"_links":{"self":[{"href":"http:\/\/www.martinpinsonnault.com\/wp-json\/wp\/v2\/pages\/981"}],"collection":[{"href":"http:\/\/www.martinpinsonnault.com\/wp-json\/wp\/v2\/pages"}],"about":[{"href":"http:\/\/www.martinpinsonnault.com\/wp-json\/wp\/v2\/types\/page"}],"author":[{"embeddable":true,"href":"http:\/\/www.martinpinsonnault.com\/wp-json\/wp\/v2\/users\/1"}],"replies":[{"embeddable":true,"href":"http:\/\/www.martinpinsonnault.com\/wp-json\/wp\/v2\/comments?post=981"}],"version-history":[{"count":7,"href":"http:\/\/www.martinpinsonnault.com\/wp-json\/wp\/v2\/pages\/981\/revisions"}],"predecessor-version":[{"id":2143,"href":"http:\/\/www.martinpinsonnault.com\/wp-json\/wp\/v2\/pages\/981\/revisions\/2143"}],"up":[{"embeddable":true,"href":"http:\/\/www.martinpinsonnault.com\/wp-json\/wp\/v2\/pages\/347"}],"wp:attachment":[{"href":"http:\/\/www.martinpinsonnault.com\/wp-json\/wp\/v2\/media?parent=981"}],"curies":[{"name":"wp","href":"https:\/\/api.w.org\/{rel}","templated":true}]}}