{"id":976,"date":"2011-02-22T23:12:15","date_gmt":"2011-02-22T23:12:15","guid":{"rendered":"http:\/\/www.martinpinsonnault.com\/"},"modified":"2011-02-23T17:46:07","modified_gmt":"2011-02-23T17:46:07","slug":"black-eyed-dog","status":"publish","type":"page","link":"http:\/\/www.martinpinsonnault.com\/fr\/films\/black-eyed-dog\/","title":{"rendered":"Black Eyed Dog"},"content":{"rendered":"<h4><strong><img loading=\"lazy\" class=\"alignnone size-full wp-image-1163\" title=\"blackeyeddog\" src=\"http:\/\/www.martinpinsonnault.com\/wp-content\/uploads\/2011\/02\/blackeyeddog.jpg\" alt=\"\" width=\"191\" height=\"250\" srcset=\"http:\/\/www.martinpinsonnault.com\/wp-content\/uploads\/2011\/02\/blackeyeddog.jpg 191w, http:\/\/www.martinpinsonnault.com\/wp-content\/uploads\/2011\/02\/blackeyeddog-150x196.jpg 150w\" sizes=\"(max-width: 191px) 100vw, 191px\" \/><\/strong><\/h4>\n<h4><strong>G\u00e9n\u00e9rique:<\/strong><\/h4>\n<table style=\"background-color: #ffffff;\" border=\"0\" cellspacing=\"5\" cellpadding=\"5\" width=\"450\" bordercolor=\"#ffffff\">\n<tbody>\n<tr>\n<td align=\"right\"><strong>Pays:<\/strong><\/td>\n<td>Canada<\/td>\n<\/tr>\n<tr>\n<td align=\"right\"><strong>Compagnie de production:<\/strong><\/td>\n<td>Grana Productions<\/td>\n<\/tr>\n<tr>\n<td align=\"right\"><strong>Ann\u00e9e:<\/strong><\/td>\n<td>2006<\/td>\n<\/tr>\n<tr>\n<td align=\"right\"><strong>R\u00e9alisateur:<\/strong><\/td>\n<td>Pierre Gang<\/td>\n<\/tr>\n<tr>\n<td align=\"right\"><strong>Producteur:<\/strong><\/td>\n<td>Sam Grana<br \/>\nLopuis Jobin<\/td>\n<\/tr>\n<tr>\n<td align=\"right\"><strong>Musicien:<\/strong><\/td>\n<td>N.D.<\/td>\n<\/tr>\n<tr>\n<td align=\"right\"><strong>Superviseur de montage sonore:<\/strong><\/td>\n<td>Martin Pinsonnault<\/td>\n<\/tr>\n<tr>\n<td align=\"right\"><strong>Concepteur sonore:<\/strong><\/td>\n<td>Martin Pinsonnault<\/td>\n<\/tr>\n<tr>\n<td align=\"right\"><strong>Monteur effet sonore:<\/strong><\/td>\n<td>Jean-Fran\u00e7ois Sauv\u00e9<\/td>\n<\/tr>\n<tr>\n<td align=\"right\"><strong>Preneur de son:<\/strong><\/td>\n<td>Serge Arsenault<\/td>\n<\/tr>\n<tr>\n<td align=\"right\"><strong>Monteur dialogue:<\/strong><\/td>\n<td>Mira Mailhot<\/td>\n<\/tr>\n<tr>\n<td align=\"right\"><strong>Bruiteur:<\/strong><\/td>\n<td>Simon Meilleur<\/td>\n<\/tr>\n<tr>\n<td align=\"right\"><strong>Preneur de son bruitage:<\/strong><\/td>\n<td>Daniel Bisson<\/td>\n<\/tr>\n<tr>\n<td align=\"right\"><strong>Preneur de son postsynchronisation<\/strong><strong>:<\/strong><\/td>\n<td>N.D.<\/td>\n<\/tr>\n<tr>\n<td align=\"right\"><strong>Superviseur de postsynchronisation<\/strong><strong>:<\/strong><\/td>\n<td>N.D.<\/td>\n<\/tr>\n<tr>\n<td align=\"right\"><strong>Mixeur<\/strong><strong>:<\/strong><\/td>\n<td>Luc Boudrias<\/td>\n<\/tr>\n<\/tbody>\n<\/table>\n","protected":false},"excerpt":{"rendered":"<p>G\u00e9n\u00e9rique: Pays: Canada Compagnie de production: Grana Productions Ann\u00e9e: 2006 R\u00e9alisateur: Pierre Gang Producteur: Sam Grana Lopuis Jobin Musicien: N.D. Superviseur de montage sonore: Martin Pinsonnault Concepteur sonore: Martin Pinsonnault Monteur effet sonore: Jean-Fran\u00e7ois Sauv\u00e9 Preneur de son: Serge Arsenault Monteur dialogue: Mira Mailhot Bruiteur: Simon Meilleur Preneur de son bruitage: Daniel Bisson Preneur de<br \/><a class=\"moretag\" href=\"http:\/\/www.martinpinsonnault.com\/fr\/films\/black-eyed-dog\/\">+ Read More<\/a><\/p>\n","protected":false},"author":1,"featured_media":0,"parent":347,"menu_order":0,"comment_status":"closed","ping_status":"closed","template":"","meta":[],"_links":{"self":[{"href":"http:\/\/www.martinpinsonnault.com\/wp-json\/wp\/v2\/pages\/976"}],"collection":[{"href":"http:\/\/www.martinpinsonnault.com\/wp-json\/wp\/v2\/pages"}],"about":[{"href":"http:\/\/www.martinpinsonnault.com\/wp-json\/wp\/v2\/types\/page"}],"author":[{"embeddable":true,"href":"http:\/\/www.martinpinsonnault.com\/wp-json\/wp\/v2\/users\/1"}],"replies":[{"embeddable":true,"href":"http:\/\/www.martinpinsonnault.com\/wp-json\/wp\/v2\/comments?post=976"}],"version-history":[{"count":3,"href":"http:\/\/www.martinpinsonnault.com\/wp-json\/wp\/v2\/pages\/976\/revisions"}],"predecessor-version":[{"id":1164,"href":"http:\/\/www.martinpinsonnault.com\/wp-json\/wp\/v2\/pages\/976\/revisions\/1164"}],"up":[{"embeddable":true,"href":"http:\/\/www.martinpinsonnault.com\/wp-json\/wp\/v2\/pages\/347"}],"wp:attachment":[{"href":"http:\/\/www.martinpinsonnault.com\/wp-json\/wp\/v2\/media?parent=976"}],"curies":[{"name":"wp","href":"https:\/\/api.w.org\/{rel}","templated":true}]}}