{"id":944,"date":"2011-02-22T22:23:30","date_gmt":"2011-02-22T22:23:30","guid":{"rendered":"http:\/\/www.martinpinsonnault.com\/"},"modified":"2011-04-07T09:45:27","modified_gmt":"2011-04-07T13:45:27","slug":"modern-love","status":"publish","type":"page","link":"http:\/\/www.martinpinsonnault.com\/fr\/films\/modern-love\/","title":{"rendered":"Modern Love"},"content":{"rendered":"<p><a rel=\"attachment wp-att-1107\" href=\"http:\/\/www.martinpinsonnault.com\/films\/modern-love\/modernlove-2\/\"><img loading=\"lazy\" class=\"alignnone size-full wp-image-1107\" title=\"modernlove\" src=\"http:\/\/www.martinpinsonnault.com\/wp-content\/uploads\/2011\/02\/modernlove.jpg\" alt=\"\" width=\"191\" height=\"250\" srcset=\"http:\/\/www.martinpinsonnault.com\/wp-content\/uploads\/2011\/02\/modernlove.jpg 191w, http:\/\/www.martinpinsonnault.com\/wp-content\/uploads\/2011\/02\/modernlove-150x196.jpg 150w\" sizes=\"(max-width: 191px) 100vw, 191px\" \/><\/a><\/p>\n<h4><strong>G\u00e9n\u00e9rique:<\/strong><\/h4>\n<table style=\"background-color: #ffffff;\" border=\"0\" cellspacing=\"5\" cellpadding=\"5\" width=\"450\" bordercolor=\"#ffffff\">\n<tbody>\n<tr>\n<td align=\"right\"><strong>Pays:<\/strong><\/td>\n<td>France, Canada<\/td>\n<\/tr>\n<tr>\n<td align=\"right\"><strong>Compagnie de production:<\/strong><\/td>\n<td>Delante Films<\/p>\n<p>Cirrus Communications<\/td>\n<\/tr>\n<tr>\n<td align=\"right\"><strong>Ann\u00e9e:<\/strong><\/td>\n<td>2008<\/td>\n<\/tr>\n<tr>\n<td align=\"right\"><strong>R\u00e9alisateur:<\/strong><\/td>\n<td>St\u00e9phane Kazandjian<\/td>\n<\/tr>\n<tr>\n<td align=\"right\"><strong>Producteur:<\/strong><\/td>\n<td>Caroline ADRian<\/p>\n<p>Pierre Even<\/p>\n<p>Jacques Perrin<\/p>\n<p>Valentine Perrin<\/p>\n<p>Antoine Rein<\/td>\n<\/tr>\n<tr>\n<td align=\"right\"><strong>Musicien:<\/strong><\/td>\n<td>N.D.<\/td>\n<\/tr>\n<tr>\n<td align=\"right\"><strong>Superviseur de montage sonore:<\/strong><\/td>\n<td>Martin Pinsonnault<\/td>\n<\/tr>\n<tr>\n<td align=\"right\"><strong>Concepteur sonore:<\/strong><\/td>\n<td>Martin Pinsonnault<\/td>\n<\/tr>\n<tr>\n<td align=\"right\"><strong>Monteur effet sonore:<\/strong><\/td>\n<td>Louis Molinas<\/td>\n<\/tr>\n<tr>\n<td align=\"right\"><strong>Preneur de son:<\/strong><\/td>\n<td>N.A.<\/td>\n<\/tr>\n<tr>\n<td align=\"right\"><strong>Monteur dialogue:<\/strong><\/td>\n<td>Mich\u00e8le Cloutier<\/td>\n<\/tr>\n<tr>\n<td align=\"right\"><strong>Bruiteur:<\/strong><\/td>\n<td>Simon Meilleur<\/td>\n<\/tr>\n<tr>\n<td align=\"right\"><strong>Preneur de son bruitage:<\/strong><\/td>\n<td>Daniel Bisson<\/td>\n<\/tr>\n<tr>\n<td align=\"right\"><strong>Preneur de son postsynchronisation<\/strong><strong>:<\/strong><\/td>\n<td>N.A.<\/td>\n<\/tr>\n<tr>\n<td align=\"right\"><strong>Superviseur de postsynchronisation<\/strong><strong>:<\/strong><\/td>\n<td>Fred Mays<\/td>\n<\/tr>\n<tr>\n<td align=\"right\"><strong>Mixeur<\/strong><strong>:<\/strong><\/td>\n<td>Fran\u00e7ois Groult<\/p>\n<p>Carl Goetghluck<\/td>\n<\/tr>\n<\/tbody>\n<\/table>\n","protected":false},"excerpt":{"rendered":"<p>G\u00e9n\u00e9rique: Pays: France, Canada Compagnie de production: Delante Films Cirrus Communications Ann\u00e9e: 2008 R\u00e9alisateur: St\u00e9phane Kazandjian Producteur: Caroline ADRian Pierre Even Jacques Perrin Valentine Perrin Antoine Rein Musicien: N.D. Superviseur de montage sonore: Martin Pinsonnault Concepteur sonore: Martin Pinsonnault Monteur effet sonore: Louis Molinas Preneur de son: N.A. Monteur dialogue: Mich\u00e8le Cloutier Bruiteur: Simon Meilleur<br \/><a class=\"moretag\" href=\"http:\/\/www.martinpinsonnault.com\/fr\/films\/modern-love\/\">+ Read More<\/a><\/p>\n","protected":false},"author":1,"featured_media":0,"parent":347,"menu_order":0,"comment_status":"closed","ping_status":"closed","template":"","meta":[],"_links":{"self":[{"href":"http:\/\/www.martinpinsonnault.com\/wp-json\/wp\/v2\/pages\/944"}],"collection":[{"href":"http:\/\/www.martinpinsonnault.com\/wp-json\/wp\/v2\/pages"}],"about":[{"href":"http:\/\/www.martinpinsonnault.com\/wp-json\/wp\/v2\/types\/page"}],"author":[{"embeddable":true,"href":"http:\/\/www.martinpinsonnault.com\/wp-json\/wp\/v2\/users\/1"}],"replies":[{"embeddable":true,"href":"http:\/\/www.martinpinsonnault.com\/wp-json\/wp\/v2\/comments?post=944"}],"version-history":[{"count":7,"href":"http:\/\/www.martinpinsonnault.com\/wp-json\/wp\/v2\/pages\/944\/revisions"}],"predecessor-version":[{"id":2130,"href":"http:\/\/www.martinpinsonnault.com\/wp-json\/wp\/v2\/pages\/944\/revisions\/2130"}],"up":[{"embeddable":true,"href":"http:\/\/www.martinpinsonnault.com\/wp-json\/wp\/v2\/pages\/347"}],"wp:attachment":[{"href":"http:\/\/www.martinpinsonnault.com\/wp-json\/wp\/v2\/media?parent=944"}],"curies":[{"name":"wp","href":"https:\/\/api.w.org\/{rel}","templated":true}]}}