{"id":942,"date":"2011-02-22T22:22:32","date_gmt":"2011-02-22T22:22:32","guid":{"rendered":"http:\/\/www.martinpinsonnault.com\/"},"modified":"2011-04-07T10:21:14","modified_gmt":"2011-04-07T14:21:14","slug":"un-capitalisme-sentimental","status":"publish","type":"page","link":"http:\/\/www.martinpinsonnault.com\/fr\/films\/un-capitalisme-sentimental\/","title":{"rendered":"Un capitalisme sentimental"},"content":{"rendered":"<p><img loading=\"lazy\" class=\"alignright size-full wp-image-1100\" title=\"uncapitalismesentimental\" src=\"http:\/\/www.martinpinsonnault.com\/wp-content\/uploads\/2011\/02\/uncapitalismesentimental.jpg\" alt=\"\" width=\"191\" height=\"250\" srcset=\"http:\/\/www.martinpinsonnault.com\/wp-content\/uploads\/2011\/02\/uncapitalismesentimental.jpg 191w, http:\/\/www.martinpinsonnault.com\/wp-content\/uploads\/2011\/02\/uncapitalismesentimental-150x196.jpg 150w\" sizes=\"(max-width: 191px) 100vw, 191px\" \/><\/p>\n<p>Olivier Asselin est un r\u00e9alisateur unique. Sa grande connaissance de l&rsquo;art et de la culture apporte beaucoup de richesse et de po\u00e9sie au film.<\/p>\n<p>Le film propose un regard sur l\u2019Europe et l\u2019Am\u00e9rique de l\u2019apr\u00e8s premi\u00e8re guerre mondiale.<\/p>\n<p>Le film se d\u00e9roule dans les ann\u00e9es 20 et 30, entre New York et Paris. C\u2019est une r\u00e9flexion sur l&rsquo;art et le capitalisme.\u00a0 Revoir le krach boursier de 1929 du point de vue d\u2019une peintre fran\u00e7aise na\u00efve.<\/p>\n<p>Paris vit dans le pass\u00e9 et New York est \u00e0 plein pied dans l&rsquo;industrialisation et le capitalisme. Les engins \u00e0 vapeur, les ambiances industrielles et rythmiques, les trains, les grincements de m\u00e9tal d\u00e9finissent NYC en terme de son alors que Paris est demeur\u00e9 dans une \u00e8re pr\u00e9-industrielle.<\/p>\n<p><iframe loading=\"lazy\" title=\"YouTube video player\" width=\"614\" height=\"491\" src=\"http:\/\/www.youtube.com\/embed\/SApBp6wpnhU\" frameborder=\"0\" allowfullscreen><\/iframe><\/p>\n<h4><strong>G\u00e9n\u00e9rique:<\/strong><\/h4>\n<table style=\"background-color: #ffffff;\" border=\"0\" cellspacing=\"5\" cellpadding=\"5\" width=\"450\" bordercolor=\"#ffffff\">\n<tbody>\n<tr>\n<td align=\"right\"><strong>Pays:<\/strong><\/td>\n<td>Canada<\/td>\n<\/tr>\n<tr>\n<td align=\"right\"><strong>Compagnie de production:<\/strong><\/td>\n<td>Arrimage Production<\/td>\n<\/tr>\n<tr>\n<td align=\"right\"><strong>Ann\u00e9e:<\/strong><\/td>\n<td>2008<\/td>\n<\/tr>\n<tr>\n<td align=\"right\"><strong>R\u00e9alisateur:<\/strong><\/td>\n<td>Olivier Asselin<\/td>\n<\/tr>\n<tr>\n<td align=\"right\"><strong>Producteur:<\/strong><\/td>\n<td>Daniel Plante<\/td>\n<\/tr>\n<tr>\n<td align=\"right\"><strong>Musicien:<\/strong><\/td>\n<td>N.D.<\/td>\n<\/tr>\n<tr>\n<td align=\"right\"><strong>Superviseur de montage sonore:<\/strong><\/td>\n<td>Martin Pinsonnault<\/td>\n<\/tr>\n<tr>\n<td align=\"right\"><strong>Concepteur sonore:<\/strong><\/td>\n<td>Martin Pinsonnault<\/td>\n<\/tr>\n<tr>\n<td align=\"right\"><strong>Monteur effet sonore:<\/strong><\/td>\n<td>Fr\u00e9d\u00e9ric Laurier<\/td>\n<\/tr>\n<tr>\n<td align=\"right\"><strong>Preneur de son:<\/strong><\/td>\n<td>Simon Goulet<\/td>\n<\/tr>\n<tr>\n<td align=\"right\"><strong>Monteur dialogue:<\/strong><\/td>\n<td>Jean-Philippe St-Laurent<\/td>\n<\/tr>\n<tr>\n<td align=\"right\"><strong>Bruiteur:<\/strong><\/td>\n<td>Simon Meilleur<\/td>\n<\/tr>\n<tr>\n<td align=\"right\"><strong>Preneur de son bruitage:<\/strong><\/td>\n<td>Daniel Bisson<\/td>\n<\/tr>\n<tr>\n<td align=\"right\"><strong>Preneur de son postsynchronisation<\/strong><strong>:<\/strong><\/td>\n<td>N.D.<\/td>\n<\/tr>\n<tr>\n<td align=\"right\"><strong>Superviseur de postsynchronisation<\/strong><strong>:<\/strong><\/td>\n<td>N.D.<\/td>\n<\/tr>\n<tr>\n<td align=\"right\"><strong>Mixeur<\/strong><strong>:<\/strong><\/td>\n<td>Louis Gignac<\/td>\n<\/tr>\n<\/tbody>\n<\/table>\n","protected":false},"excerpt":{"rendered":"<p>Olivier Asselin est un r\u00e9alisateur unique. Sa grande connaissance de l&rsquo;art et de la culture apporte beaucoup de richesse et de po\u00e9sie au film. Le film propose un regard sur l\u2019Europe et l\u2019Am\u00e9rique de l\u2019apr\u00e8s premi\u00e8re guerre mondiale. Le film se d\u00e9roule dans les ann\u00e9es 20 et 30, entre New York et Paris. C\u2019est une<br \/><a class=\"moretag\" href=\"http:\/\/www.martinpinsonnault.com\/fr\/films\/un-capitalisme-sentimental\/\">+ Read More<\/a><\/p>\n","protected":false},"author":1,"featured_media":0,"parent":347,"menu_order":0,"comment_status":"closed","ping_status":"closed","template":"","meta":[],"_links":{"self":[{"href":"http:\/\/www.martinpinsonnault.com\/wp-json\/wp\/v2\/pages\/942"}],"collection":[{"href":"http:\/\/www.martinpinsonnault.com\/wp-json\/wp\/v2\/pages"}],"about":[{"href":"http:\/\/www.martinpinsonnault.com\/wp-json\/wp\/v2\/types\/page"}],"author":[{"embeddable":true,"href":"http:\/\/www.martinpinsonnault.com\/wp-json\/wp\/v2\/users\/1"}],"replies":[{"embeddable":true,"href":"http:\/\/www.martinpinsonnault.com\/wp-json\/wp\/v2\/comments?post=942"}],"version-history":[{"count":10,"href":"http:\/\/www.martinpinsonnault.com\/wp-json\/wp\/v2\/pages\/942\/revisions"}],"predecessor-version":[{"id":2150,"href":"http:\/\/www.martinpinsonnault.com\/wp-json\/wp\/v2\/pages\/942\/revisions\/2150"}],"up":[{"embeddable":true,"href":"http:\/\/www.martinpinsonnault.com\/wp-json\/wp\/v2\/pages\/347"}],"wp:attachment":[{"href":"http:\/\/www.martinpinsonnault.com\/wp-json\/wp\/v2\/media?parent=942"}],"curies":[{"name":"wp","href":"https:\/\/api.w.org\/{rel}","templated":true}]}}