{"id":938,"date":"2011-02-22T22:19:40","date_gmt":"2011-02-22T22:19:40","guid":{"rendered":"http:\/\/www.martinpinsonnault.com\/"},"modified":"2011-06-06T17:51:19","modified_gmt":"2011-06-06T21:51:19","slug":"nitro","status":"publish","type":"page","link":"http:\/\/www.martinpinsonnault.com\/fr\/films\/nitro\/","title":{"rendered":"Nitro"},"content":{"rendered":"<p><img loading=\"lazy\" class=\"alignright size-full wp-image-2480\" title=\"nitrolefilm\" src=\"http:\/\/www.martinpinsonnault.com\/wp-content\/uploads\/2011\/02\/nitrolefilm.jpg\" alt=\"\" width=\"191\" height=\"250\" srcset=\"http:\/\/www.martinpinsonnault.com\/wp-content\/uploads\/2011\/02\/nitrolefilm.jpg 191w, http:\/\/www.martinpinsonnault.com\/wp-content\/uploads\/2011\/02\/nitrolefilm-150x196.jpg 150w\" sizes=\"(max-width: 191px) 100vw, 191px\" \/>Le d\u00e9fi sonore le plus \u00e9vident de ce film \u00e9tait le son de courses de voitures modifi\u00e9es et les poursuites de <a href=\"http:\/\/www.campagnamotors.com\/\" target=\"_blank\">T-Rex<\/a>.<\/p>\n<p>Pour la course automobile, nous avons pass\u00e9 deux nuits pendant le tournage, avec Jean-Fran\u00e7ois Sauv\u00e9 et Fr\u00e9d\u00e9ric Laurier, avec plusieurs enregistreurs et microphones. Micro MS, binauraux, cardio\u00efde et omnis ont \u00e9t\u00e9 parmi les microphones utilis\u00e9s.\u00a0 Chaque micro poss\u00e8de ses avantages. De plus, nous avons enregistr\u00e9 les voitures pendant les pause-repas. Passages, d\u00e9parts, arriv\u00e9es, cris de foule, les acc\u00e9l\u00e9rations, les tuyaux d\u2019\u00e9chappement, grondements des moteurs furent capt\u00e9s lors du tournage.<\/p>\n<p>En contraste avec la dynamique des s\u00e9quences de voitures, nous avions une piste ambiance tr\u00e8s simple et douce pour les sc\u00e8nes intimes, parfois \u00e0 peine perceptible entre les dialogues.<\/p>\n<p>Le mixage de poursuite de voiture avec musique endiabl\u00e9e rev\u00eat son lot de difficult\u00e9s. Entrainer les spectateurs avec la musique forte et surprendre avec les effets sonores et les effets de mixage rel\u00e8ve souvent de l\u2019\u00e9quilibrisme. Il s\u2019agit alors de diminuer et de choisir ses priorit\u00e9s pour laisser la place \u00e0 l\u2019essentiel.\u00a0 Choix difficile!<\/p>\n<h4>Liens:<\/h4>\n<ul><\/ul>\n<h4><strong>G\u00e9n\u00e9rique:<\/strong><\/h4>\n<table style=\"background-color: #ffffff;\" border=\"0\" cellspacing=\"5\" cellpadding=\"5\" width=\"450\" bordercolor=\"#ffffff\">\n<tbody>\n<tr>\n<td align=\"right\"><strong>Pays:<\/strong><\/td>\n<td>Canada<\/td>\n<\/tr>\n<tr>\n<td align=\"right\"><strong>Compagnie de production:<\/strong><\/td>\n<td>Cirrus Communications<\/td>\n<\/tr>\n<tr>\n<td align=\"right\"><strong>Ann\u00e9e:<\/strong><\/td>\n<td>2007<\/td>\n<\/tr>\n<tr>\n<td align=\"right\"><strong>R\u00e9alisateur:<\/strong><\/td>\n<td>Alain Desrochers<\/td>\n<\/tr>\n<tr>\n<td align=\"right\"><strong>Producteur:<\/strong><\/td>\n<td>Pierre Even<\/td>\n<\/tr>\n<tr>\n<td align=\"right\"><strong>Musicien:<\/strong><\/td>\n<td>FM Le Sieur<\/td>\n<\/tr>\n<tr>\n<td align=\"right\"><strong>Superviseur de montage sonore:<\/strong><\/td>\n<td>Martin Pinsonnault<\/p>\n<p>Pierre-Jules Audet<\/td>\n<\/tr>\n<tr>\n<td align=\"right\"><strong>Concepteur sonore:<\/strong><\/td>\n<td>Martin Pinsonnault<\/td>\n<\/tr>\n<tr>\n<td align=\"right\"><strong>Monteur effet sonore:<\/strong><\/td>\n<td>Louis Molinas<\/p>\n<p>Anton Fishclin<\/td>\n<\/tr>\n<tr>\n<td align=\"right\"><strong>Preneur de son:<\/strong><\/td>\n<td>Claude Hazanavicius<\/td>\n<\/tr>\n<tr>\n<td align=\"right\"><strong>Monteur dialogue:<\/strong><\/td>\n<td>Mich\u00e8lle Cloutier<\/td>\n<\/tr>\n<tr>\n<td align=\"right\"><strong>Bruiteur:<\/strong><\/td>\n<td>Simon Meilleur<\/td>\n<\/tr>\n<tr>\n<td align=\"right\"><strong>Preneur de son bruitage:<\/strong><\/td>\n<td>Daniel Bisson<\/td>\n<\/tr>\n<tr>\n<td align=\"right\"><strong>Preneur de son postsynchronisation<\/strong><strong>:<\/strong><\/td>\n<td>Daniel Bisson<\/td>\n<\/tr>\n<tr>\n<td align=\"right\"><strong>Superviseur de postsynchronisation<\/strong><strong>:<\/strong><\/td>\n<td>Jacques Plante<\/td>\n<\/tr>\n<tr>\n<td align=\"right\"><strong>Mixeur<\/strong><strong>:<\/strong><\/td>\n<td>Bernard Gari\u00e9py Strobl<\/p>\n<p>Hans Latr\u00e8s<\/p>\n<p>Hans Laitres<\/td>\n<\/tr>\n<\/tbody>\n<\/table>\n","protected":false},"excerpt":{"rendered":"<p>Le d\u00e9fi sonore le plus \u00e9vident de ce film \u00e9tait le son de courses de voitures modifi\u00e9es et les poursuites de T-Rex. Pour la course automobile, nous avons pass\u00e9 deux nuits pendant le tournage, avec Jean-Fran\u00e7ois Sauv\u00e9 et Fr\u00e9d\u00e9ric Laurier, avec plusieurs enregistreurs et microphones. Micro MS, binauraux, cardio\u00efde et omnis ont \u00e9t\u00e9 parmi les<br \/><a class=\"moretag\" href=\"http:\/\/www.martinpinsonnault.com\/fr\/films\/nitro\/\">+ Read More<\/a><\/p>\n","protected":false},"author":1,"featured_media":0,"parent":347,"menu_order":0,"comment_status":"closed","ping_status":"closed","template":"","meta":[],"_links":{"self":[{"href":"http:\/\/www.martinpinsonnault.com\/wp-json\/wp\/v2\/pages\/938"}],"collection":[{"href":"http:\/\/www.martinpinsonnault.com\/wp-json\/wp\/v2\/pages"}],"about":[{"href":"http:\/\/www.martinpinsonnault.com\/wp-json\/wp\/v2\/types\/page"}],"author":[{"embeddable":true,"href":"http:\/\/www.martinpinsonnault.com\/wp-json\/wp\/v2\/users\/1"}],"replies":[{"embeddable":true,"href":"http:\/\/www.martinpinsonnault.com\/wp-json\/wp\/v2\/comments?post=938"}],"version-history":[{"count":16,"href":"http:\/\/www.martinpinsonnault.com\/wp-json\/wp\/v2\/pages\/938\/revisions"}],"predecessor-version":[{"id":1092,"href":"http:\/\/www.martinpinsonnault.com\/wp-json\/wp\/v2\/pages\/938\/revisions\/1092"}],"up":[{"embeddable":true,"href":"http:\/\/www.martinpinsonnault.com\/wp-json\/wp\/v2\/pages\/347"}],"wp:attachment":[{"href":"http:\/\/www.martinpinsonnault.com\/wp-json\/wp\/v2\/media?parent=938"}],"curies":[{"name":"wp","href":"https:\/\/api.w.org\/{rel}","templated":true}]}}