{"id":932,"date":"2011-02-22T22:05:59","date_gmt":"2011-02-22T22:05:59","guid":{"rendered":"http:\/\/www.martinpinsonnault.com\/"},"modified":"2012-05-07T14:46:37","modified_gmt":"2012-05-07T18:46:37","slug":"graveyard-alive-a-zombie-nurse-in-love","status":"publish","type":"page","link":"http:\/\/www.martinpinsonnault.com\/fr\/films\/graveyard-alive-a-zombie-nurse-in-love\/","title":{"rendered":"Graveyard Alive: A Zombie Nurse in Love"},"content":{"rendered":"<p><p><img loading=\"lazy\" class=\"alignright size-full wp-image-1085\" title=\"graveyardalive_poster\" src=\"http:\/\/www.martinpinsonnault.com\/wp-content\/uploads\/2011\/02\/graveyardalive_poster.jpg\" alt=\"\" width=\"191\" height=\"250\" srcset=\"http:\/\/www.martinpinsonnault.com\/wp-content\/uploads\/2011\/02\/graveyardalive_poster.jpg 191w, http:\/\/www.martinpinsonnault.com\/wp-content\/uploads\/2011\/02\/graveyardalive_poster-150x196.jpg 150w\" sizes=\"(max-width: 191px) 100vw, 191px\" \/>\u00c0 ce jour, ce film est un moment sp\u00e9cial pour moi. Elza Kephart est venue me voir avec son film d&rsquo;horreur de zombies qu\u2019elle a auto-financ\u00e9 avec la g\u00e9n\u00e9rosit\u00e9 de ses participants et de son entourage. De plus, le film portait un d\u00e9fi suppl\u00e9mentaire, il avait \u00e9t\u00e9 tourn\u00e9 sans son.\u00a0 Cela a \u00e9t\u00e9 une belle occasion de faire tout \u00e0 partir de z\u00e9ro et de ne pas avoir \u00e0 travailler avec le son d&rsquo;origine souvent bruyant et in\u00e9gal. Il a \u00e9t\u00e9 enti\u00e8rement doubl\u00e9.<\/p>\n<p>Un concept original de son pour le film \u00e9tait de garder la postsynchronisation mont\u00e9e grossi\u00e8rement avec peu de traitement dialogue, comme la r\u00e9verb\u00e9ration et \u00e9galisation, de sorte que le film sonne comme une mauvaise traduction, chose que j&rsquo;\u00e9vite normalement. En tant que spectateur, vous savez toujours que vous regardez un film.\u00a0 L\u2019esth\u00e9tique sonore tient compte des contraintes budg\u00e9taires de la production!<\/p>\n<p>L&rsquo;h\u00f4pital a pr\u00e9sent\u00e9 de nombreuses possibilit\u00e9s sonores avec des vibrations, des grondements, des bourdonnements, des buzzs et des longs reverbs.<\/p>\n<p>C\u2019est un excellent film de Zombie!<\/p>\n<h4>Liens:<\/h4>\n<h4><strong>G\u00e9n\u00e9rique:<\/strong><\/h4>\n<table style=\"background-color: #ffffff;\" border=\"0\" cellspacing=\"5\" cellpadding=\"5\" width=\"450\" bordercolor=\"#ffffff\">\n<tbody>\n<tr>\n<td align=\"right\"><strong>Pays:<\/strong><\/td>\n<td>Canada<\/td>\n<\/tr>\n<tr>\n<td align=\"right\"><strong>Compagnie de production:<\/strong><\/td>\n<td>Bastard Amber Productions<\/td>\n<\/tr>\n<tr>\n<td align=\"right\"><strong>Ann\u00e9e:<\/strong><\/td>\n<td>2003<\/td>\n<\/tr>\n<tr>\n<td align=\"right\"><strong>R\u00e9alisateur:<\/strong><\/td>\n<td>Elza Kephart<\/td>\n<\/tr>\n<tr>\n<td align=\"right\"><strong>Producteur:<\/strong><\/td>\n<td>Elza Kephart, Patricia Gomez<\/td>\n<\/tr>\n<tr>\n<td align=\"right\"><strong>Musicien:<\/strong><\/td>\n<td>N.A.<\/td>\n<\/tr>\n<tr>\n<td align=\"right\"><strong>Superviseur de montage sonore:<\/strong><\/td>\n<td>Martin Pinsonnault<\/td>\n<\/tr>\n<tr>\n<td align=\"right\"><strong>Concepteur sonore:<\/strong><\/td>\n<td>Martin Pinsonnault<\/td>\n<\/tr>\n<tr>\n<td align=\"right\"><strong>Monteur effet sonore:<\/strong><\/td>\n<td>Anton Fischlin<\/td>\n<\/tr>\n<tr>\n<td align=\"right\"><strong>Preneur de son:<\/strong><\/td>\n<td>N.D.<\/td>\n<\/tr>\n<tr>\n<td align=\"right\"><strong>Monteur dialogue:<\/strong><\/td>\n<td>N.D.<\/td>\n<\/tr>\n<tr>\n<td align=\"right\"><strong>Bruiteur:<\/strong><\/td>\n<td>Tchae Measroch<\/td>\n<\/tr>\n<tr>\n<td align=\"right\"><strong>Preneur de son bruitage:<\/strong><\/td>\n<td>N.D.<\/td>\n<\/tr>\n<tr>\n<td align=\"right\"><strong>Preneur de son postsynchronisation<\/strong><strong>:<\/strong><\/td>\n<td>N.D.<\/td>\n<\/tr>\n<tr>\n<td align=\"right\"><strong>Superviseur de postsynchronisation<\/strong><strong>:<\/strong><\/td>\n<td>N.D.<\/td>\n<\/tr>\n<tr>\n<td align=\"right\"><strong>Mixeur<\/strong><strong>:<\/strong><\/td>\n<td>Martin Pinsonnault<\/td>\n<\/tr>\n<\/tbody>\n<\/table>\n","protected":false},"excerpt":{"rendered":"<p>\u00c0 ce jour, ce film est un moment sp\u00e9cial pour moi. Elza Kephart est venue me voir avec son film d&rsquo;horreur de zombies qu\u2019elle a auto-financ\u00e9 avec la g\u00e9n\u00e9rosit\u00e9 de ses participants et de son entourage. De plus, le film portait un d\u00e9fi suppl\u00e9mentaire, il avait \u00e9t\u00e9 tourn\u00e9 sans son.\u00a0 Cela a \u00e9t\u00e9 une belle<br \/><a class=\"moretag\" href=\"http:\/\/www.martinpinsonnault.com\/fr\/films\/graveyard-alive-a-zombie-nurse-in-love\/\">+ Read More<\/a><\/p>\n","protected":false},"author":1,"featured_media":0,"parent":347,"menu_order":0,"comment_status":"closed","ping_status":"closed","template":"","meta":[],"_links":{"self":[{"href":"http:\/\/www.martinpinsonnault.com\/wp-json\/wp\/v2\/pages\/932"}],"collection":[{"href":"http:\/\/www.martinpinsonnault.com\/wp-json\/wp\/v2\/pages"}],"about":[{"href":"http:\/\/www.martinpinsonnault.com\/wp-json\/wp\/v2\/types\/page"}],"author":[{"embeddable":true,"href":"http:\/\/www.martinpinsonnault.com\/wp-json\/wp\/v2\/users\/1"}],"replies":[{"embeddable":true,"href":"http:\/\/www.martinpinsonnault.com\/wp-json\/wp\/v2\/comments?post=932"}],"version-history":[{"count":10,"href":"http:\/\/www.martinpinsonnault.com\/wp-json\/wp\/v2\/pages\/932\/revisions"}],"predecessor-version":[{"id":3925,"href":"http:\/\/www.martinpinsonnault.com\/wp-json\/wp\/v2\/pages\/932\/revisions\/3925"}],"up":[{"embeddable":true,"href":"http:\/\/www.martinpinsonnault.com\/wp-json\/wp\/v2\/pages\/347"}],"wp:attachment":[{"href":"http:\/\/www.martinpinsonnault.com\/wp-json\/wp\/v2\/media?parent=932"}],"curies":[{"name":"wp","href":"https:\/\/api.w.org\/{rel}","templated":true}]}}