{"id":9,"date":"2010-12-08T16:11:53","date_gmt":"2010-12-08T16:11:53","guid":{"rendered":"http:\/\/martinpinsonnault.com\/?page_id=9"},"modified":"2012-03-27T22:51:50","modified_gmt":"2012-03-28T02:51:50","slug":"commitments","status":"publish","type":"page","link":"http:\/\/www.martinpinsonnault.com\/fr\/about-me\/commitments\/","title":{"rendered":"Engagements"},"content":{"rendered":"<p><strong>D\u00e9vouement envers les cin\u00e9astes<\/strong><br \/>\nLa conception sonore est ma fa\u00e7on de faire du <a href=\"http:\/\/www.martinpinsonnault.com\/fr\/films\/\">cin\u00e9ma<\/a>. Je suis <a href=\"http:\/\/www.martinpinsonnault.com\/fr\/about-me\/commitments\/\">pleinement engag\u00e9<\/a> \u00e0 mettre <a href=\"http:\/\/www.martinpinsonnault.com\/fr\/about-me\/biography\/\">mon exp\u00e9rience et mes comp\u00e9tences<\/a> au service du r\u00e9alisateur en tant que concepteur sonore mais aussi, dans un sens plus large, \u00e0 l\u2019accompagner dans sa d\u00e9marche cin\u00e9matographique et ainsi contribuer au succ\u00e8s du film.<\/p>\n<p><strong>Pionniers et h\u00e9ritage<\/strong><br \/>\nJe suis tr\u00e8s attach\u00e9 \u00e0 l&rsquo;h\u00e9ritage du cin\u00e9ma qu\u00e9b\u00e9cois et de ses pionniers.   Depuis l\u2019av\u00e8nement du cin\u00e9ma direct, dans les ann\u00e9es 1960, jusqu\u2019\u00e0 ce jour, j\u2019ai \u00e0 c\u0153ur de m\u2019inspirer du travail de mes pr\u00e9d\u00e9cesseurs. Je suis fier d\u2019y contribuer \u00e0 ma fa\u00e7on et ose esp\u00e9rer que ce site servira \u00e0 faire connaitre le cin\u00e9ma du Qu\u00e9bec.<\/p>\n<p><strong>Le d\u00e9sir d\u2019apprendre et de communiquer<\/strong><br \/>\nPartager des id\u00e9es, discuter, r\u00e9fl\u00e9chir, d\u00e9battre et chercher \u00e0 grandir, voil\u00e0 des actions qui m\u2019inspirent.<\/p>\n<p><strong>Exp\u00e9rience humaine et complicit\u00e9<\/strong><br \/>\nMener un film \u00e0 terme et en \u00e9quipe constitue une exp\u00e9rience humaine valorisante \u00e0 mes yeux et je dois bons nombre d\u2019amis \u00e0 mon travail.<\/p>\n<p><strong>Le travail d&rsquo;\u00e9quipe<\/strong><br \/>\nLe travail d\u2019\u00e9quipe me motive cr\u00e9ativement et personnellement.  En tant que superviseur sonore, je me dois d\u2019\u00eatre rassembleur et de faciliter l\u2019\u00e9closion ou l\u2019expression des talents de chacun dans l\u2019\u00e9quipe.<\/p>\n","protected":false},"excerpt":{"rendered":"<p>D\u00e9vouement envers les cin\u00e9astes La conception sonore est ma fa\u00e7on de faire du cin\u00e9ma. Je suis pleinement engag\u00e9 \u00e0 mettre mon exp\u00e9rience et mes comp\u00e9tences au service du r\u00e9alisateur en tant que concepteur sonore mais aussi, dans un sens plus large, \u00e0 l\u2019accompagner dans sa d\u00e9marche cin\u00e9matographique et ainsi contribuer au succ\u00e8s du film. Pionniers<br \/><a class=\"moretag\" href=\"http:\/\/www.martinpinsonnault.com\/fr\/about-me\/commitments\/\">+ Read More<\/a><\/p>\n","protected":false},"author":1,"featured_media":0,"parent":2,"menu_order":2,"comment_status":"closed","ping_status":"closed","template":"","meta":[],"_links":{"self":[{"href":"http:\/\/www.martinpinsonnault.com\/wp-json\/wp\/v2\/pages\/9"}],"collection":[{"href":"http:\/\/www.martinpinsonnault.com\/wp-json\/wp\/v2\/pages"}],"about":[{"href":"http:\/\/www.martinpinsonnault.com\/wp-json\/wp\/v2\/types\/page"}],"author":[{"embeddable":true,"href":"http:\/\/www.martinpinsonnault.com\/wp-json\/wp\/v2\/users\/1"}],"replies":[{"embeddable":true,"href":"http:\/\/www.martinpinsonnault.com\/wp-json\/wp\/v2\/comments?post=9"}],"version-history":[{"count":11,"href":"http:\/\/www.martinpinsonnault.com\/wp-json\/wp\/v2\/pages\/9\/revisions"}],"predecessor-version":[{"id":556,"href":"http:\/\/www.martinpinsonnault.com\/wp-json\/wp\/v2\/pages\/9\/revisions\/556"}],"up":[{"embeddable":true,"href":"http:\/\/www.martinpinsonnault.com\/wp-json\/wp\/v2\/pages\/2"}],"wp:attachment":[{"href":"http:\/\/www.martinpinsonnault.com\/wp-json\/wp\/v2\/media?parent=9"}],"curies":[{"name":"wp","href":"https:\/\/api.w.org\/{rel}","templated":true}]}}