{"id":597,"date":"2011-02-21T20:41:44","date_gmt":"2011-02-21T20:41:44","guid":{"rendered":"http:\/\/www.martinpinsonnault.com\/"},"modified":"2019-05-02T21:43:13","modified_gmt":"2019-05-03T01:43:13","slug":"cafe-de-flore","status":"publish","type":"page","link":"http:\/\/www.martinpinsonnault.com\/fr\/films\/cafe-de-flore\/","title":{"rendered":"Caf\u00e9 de Flore"},"content":{"rendered":"<p><strong><a rel=\"attachment wp-att-3205\" href=\"http:\/\/www.martinpinsonnault.com\/films\/cafe-de-flore\/cafe-de-flore_affiche01\/\"><img loading=\"lazy\" class=\"alignright size-medium wp-image-3205\" title=\"cafe_de_flore\" src=\"http:\/\/www.martinpinsonnault.com\/wp-content\/uploads\/2011\/02\/cafe_de_flore-300x433.jpg\" alt=\"\" width=\"300\" height=\"433\" srcset=\"http:\/\/www.martinpinsonnault.com\/wp-content\/uploads\/2011\/02\/cafe_de_flore-300x433.jpg 300w, http:\/\/www.martinpinsonnault.com\/wp-content\/uploads\/2011\/02\/cafe_de_flore-150x216.jpg 150w, http:\/\/www.martinpinsonnault.com\/wp-content\/uploads\/2011\/02\/cafe_de_flore-615x888.jpg 615w, http:\/\/www.martinpinsonnault.com\/wp-content\/uploads\/2011\/02\/cafe_de_flore.jpg 972w\" sizes=\"(max-width: 300px) 100vw, 300px\" \/><\/a>Autour du son de Caf\u00e9 de Flore<\/strong><\/p>\n<ul>\n<li style=\"text-align: right;\"> <strong>2 films en un <\/strong>Les deux histoires de Caf\u00e9 de Flore se d\u00e9veloppent ind\u00e9pendamment l&rsquo;une de l&rsquo;autre ce qui permet d&rsquo;adopter une esth\u00e9tique sonore diff\u00e9rente.  Progressivement, les deux histoires s&rsquo;entrem\u00ealent et se confondent mais l&rsquo;\u00e9motion persiste, le rythme s&rsquo;acc\u00e9l\u00e8re, la magie fonctionne.<a rel=\"attachment wp-att-3029\" href=\"http:\/\/www.martinpinsonnault.com\/about-the-sound-of-cafe-de-flore\/workinprogress\/\"><img loading=\"lazy\" class=\"alignright size-medium wp-image-3029\" title=\"workinprogress\" src=\"http:\/\/www.martinpinsonnault.com\/wp-content\/uploads\/2012\/09\/workinprogress-300x203.jpg\" alt=\"\" width=\"300\" height=\"203\" srcset=\"http:\/\/www.martinpinsonnault.com\/wp-content\/uploads\/2012\/09\/workinprogress-300x203.jpg 300w, http:\/\/www.martinpinsonnault.com\/wp-content\/uploads\/2012\/09\/workinprogress-150x101.jpg 150w, http:\/\/www.martinpinsonnault.com\/wp-content\/uploads\/2012\/09\/workinprogress.jpg 600w\" sizes=\"(max-width: 300px) 100vw, 300px\" \/><\/a><\/li>\n<li style=\"text-align: right;\"><strong>\u00ab\u00a0Work in progress<\/strong>\u00a0\u00bb Un film qui s&rsquo;est peaufin\u00e9 au montage image de Jean-Marc et au montage dialogue de Mireille Morin, avec l&rsquo;ajout de multiples choix de  synchros, alternatives (doublons) et narrations.  Puis au montage sonore, au bruitage et bien s\u00fbr au mixage, en visant toujours l&rsquo;am\u00e9lioration du film jusqu&rsquo;au maximum des possibilit\u00e9s de nos sources et de nos ressources, avant le deadline, Venise!   Collaboration \u00e9troite jusqu&rsquo;\u00e0 la fin avec Luc Raymond, DJ\/monteur sonore pour fignoler la bande sonore, toujours tr\u00e8s importante pour Jean-Marc Vall\u00e9e.<\/li>\n<li style=\"text-align: right;\"><strong>Changements technologiques <\/strong><strong> <\/strong>Le \u00ab\u00a0work in progress\u00a0\u00bb n\u00e9cessite de pouvoir modifier tout jusqu&rsquo;au bout, pas toujours facile \u00e0 suivre avec toutes les versions du film qui changent.  J&rsquo;ai fait la d\u00e9couverte de nouveaux outils web et informatique qui ont commenc\u00e9 \u00e0 modifier mes fa\u00e7ons de travailler: DropBox, Soundcloud, WordPress, Google Apps, Evernote, plus technique son, Edimarker, Edicue, Lockstep. Il y a des nouvelles solutions \u00e0 port\u00e9e de mains.  Les outils de postproduction sonore se perfectionnent.  D&rsquo;abord faut-il les adopter.<\/li>\n<li style=\"text-align: right;\"><strong>Bruitage ext\u00e9rieur <\/strong>Nous avons faits une portion importante du bruitage du film, 4 jours,  dans une vieille maison de 1850, notamment pour les int\u00e9rieurs parisien.  N&rsquo;avez-vous pas remarqu\u00e9 notre travail?<\/li>\n<li style=\"text-align: right;\"><strong>Ultra-r\u00e9alisme transparent et mono <\/strong>L&rsquo;esprit de la Nouvelle Vague du Cin\u00e9ma fran\u00e7ais et du Cin\u00e9ma V\u00e9rit\u00e9 qu\u00e9b\u00e9cois nous a convaincu d&rsquo;adopter une esth\u00e9tique r\u00e9aliste documentaire pour la portion parisienne, c&rsquo;est aussi la mani\u00e8re avec laquelle le film a \u00e9t\u00e9 tourn\u00e9 et r\u00e9alis\u00e9, dans un esprit de libert\u00e9 cr\u00e9ative.  Le film est presque enti\u00e8rement en mono \u00e0 Paris, alors que Montr\u00e9al est plus actuel et Surround tout en restant rigoureusement plausible et vrai.  Une \u00e9galisation et compression importante, combinaison de low pass \u00e0 9K et de high pass \u00e0 120hz, furent appliqu\u00e9es \u00e0 la portion parisienne pour renforcer l&rsquo;id\u00e9e d&rsquo;un cin\u00e9ma authentique et vrai.  Notre inspiration au niveau du traitement g\u00e9n\u00e9ral \u00e9tait notamment Fish Tank!   Donner l&rsquo;impression qu&rsquo;aucun son avait \u00e9t\u00e9 ajout\u00e9   au son synchrone.  Les coupes franches sont utilis\u00e9es abondamment.   Plusieurs longs silences arrivent de nulle part (Comme Antoine le dit dans le film, j&rsquo;aime \u00e7a couper le son!  \u00c7a donne plus de punch \u00e0 ce qui s&rsquo;en vient!) Jean-Marc pourrait dire la m\u00eame chose.  Ils contribuent \u00e0 faire ressentir le manque, pour faire tomber le spectateur dans un \u00e9tat de fragilit\u00e9 qui se comblera \u00e9ventuellement avec ce qui s&rsquo;en vient.  La r\u00e9alisation sonore se fond dans le d\u00e9cor pour ne jamais prendre le dessus.  On cherche constamment \u00e0 enlever les imperfections, et \u00e0 pointer sans se faire remarquer (sans qu&rsquo;on sente l&rsquo;ajout) les \u00e9l\u00e9ments de la conception sonore, parfois aussi tr\u00e8s pr\u00e9sents.<\/li>\n<li style=\"text-align: right;\"><strong>Sons de tournage et enregistrements sonores <\/strong>Jean Minondo a su capter avec passion et rigueur l&rsquo;intimit\u00e9 des respires ou la dynamique des cris, des becs  et des pleurs.  Plusieurs ajouts capt\u00e9s sur le vif, des sons d&rsquo;ambiances en MS aident grandement pour les foules.   Des enregistrements ont  \u00e9t\u00e9 faits \u00e0 Paris pour le film  par Blaise Blanchier, parcourant vieux m\u00e9tros, cours et rues de Montmartre pour s&rsquo;assurer de l&rsquo;authenticit\u00e9 du son des lieux.  Je me suis occup\u00e9 du Plateau Mont-Royal.<\/li>\n<\/ul>\n<p>autres souvenirs uniques:<\/p>\n<p>Les Petits Chanteurs du Mont-Royal qui fredonnent l&rsquo;air de Caf\u00e9 de Flore, enregistr\u00e9 dans la crypte de l&rsquo;Oratoire St-Joseph<\/p>\n<p><object classid=\"clsid:d27cdb6e-ae6d-11cf-96b8-444553540000\" width=\"100%\" height=\"81\" codebase=\"http:\/\/download.macromedia.com\/pub\/shockwave\/cabs\/flash\/swflash.cab#version=6,0,40,0\"><param name=\"allowscriptaccess\" value=\"always\" \/><param name=\"src\" value=\"http:\/\/player.soundcloud.com\/player.swf?url=http%3A%2F%2Fapi.soundcloud.com%2Ftracks%2F22887232&amp;show_comments=true&amp;auto_play=false&amp;color=74caff\" \/><embed type=\"application\/x-shockwave-flash\" width=\"100%\" height=\"81\" src=\"http:\/\/player.soundcloud.com\/player.swf?url=http%3A%2F%2Fapi.soundcloud.com%2Ftracks%2F22887232&amp;show_comments=true&amp;auto_play=false&amp;color=74caff\" allowscriptaccess=\"always\"><\/embed><\/object> <span><a href=\"http:\/\/soundcloud.com\/martin-pinsonnault\/cafe-de-flore-petits-chanteurs\">Cafe de Flore &#8211; Petits Chanteurs<\/a> by <a href=\"http:\/\/soundcloud.com\/martin-pinsonnault\">martin pinsonnault<\/a><\/span><\/p>\n<p><a rel=\"attachment wp-att-2908\" href=\"http:\/\/www.martinpinsonnault.com\/about-the-sound-of-cafe-de-flore\/p1090619\/\"><img loading=\"lazy\" class=\"alignleft size-medium wp-image-2908\" title=\"P1090619\" src=\"http:\/\/www.martinpinsonnault.com\/wp-content\/uploads\/2012\/09\/p1090619-300x169.jpg\" alt=\"\" width=\"300\" height=\"169\" srcset=\"http:\/\/www.martinpinsonnault.com\/wp-content\/uploads\/2012\/09\/p1090619-300x169.jpg 300w, http:\/\/www.martinpinsonnault.com\/wp-content\/uploads\/2012\/09\/p1090619-150x84.jpg 150w, http:\/\/www.martinpinsonnault.com\/wp-content\/uploads\/2012\/09\/p1090619.jpg 600w\" sizes=\"(max-width: 300px) 100vw, 300px\" \/><\/a><a rel=\"attachment wp-att-2909\" href=\"http:\/\/www.martinpinsonnault.com\/about-the-sound-of-cafe-de-flore\/p1090621\/\"><img loading=\"lazy\" class=\"alignleft size-medium wp-image-2909\" title=\"P1090621\" src=\"http:\/\/www.martinpinsonnault.com\/wp-content\/uploads\/2012\/09\/p1090621-300x194.jpg\" alt=\"\" width=\"300\" height=\"194\" srcset=\"http:\/\/www.martinpinsonnault.com\/wp-content\/uploads\/2012\/09\/p1090621-300x194.jpg 300w, http:\/\/www.martinpinsonnault.com\/wp-content\/uploads\/2012\/09\/p1090621-150x97.jpg 150w, http:\/\/www.martinpinsonnault.com\/wp-content\/uploads\/2012\/09\/p1090621.jpg 600w\" sizes=\"(max-width: 300px) 100vw, 300px\" \/><\/a>Bruitage ext\u00e9rieur avec \u00e9quipe, Jocelyn Caron \u00e0 l&rsquo;enregistrement, Simon Meilleur avec l&rsquo;aide de Maxime Potvin au bruitage.<\/p>\n<p><a rel=\"attachment wp-att-2908\" href=\"http:\/\/www.martinpinsonnault.com\/about-the-sound-of-cafe-de-flore\/p1090619\/\"><\/a><\/p>\n<p><a rel=\"attachment wp-att-2908\" href=\"http:\/\/www.martinpinsonnault.com\/about-the-sound-of-cafe-de-flore\/p1090619\/\"> <\/a><\/p>\n<p><a rel=\"attachment wp-att-2908\" href=\"http:\/\/www.martinpinsonnault.com\/about-the-sound-of-cafe-de-flore\/p1090619\/\"><\/a><a rel=\"attachment wp-att-2911\" href=\"http:\/\/www.martinpinsonnault.com\/about-the-sound-of-cafe-de-flore\/p1100608-2\/\"><\/a><\/p>\n<p><a rel=\"attachment wp-att-2911\" href=\"http:\/\/www.martinpinsonnault.com\/about-the-sound-of-cafe-de-flore\/p1100608-2\/\"> <\/a><\/p>\n<p><a rel=\"attachment wp-att-2945\" href=\"http:\/\/www.martinpinsonnault.com\/about-the-sound-of-cafe-de-flore\/p1100546\/\"><img loading=\"lazy\" class=\"alignleft size-medium wp-image-2945\" title=\"P1100546\" src=\"http:\/\/www.martinpinsonnault.com\/wp-content\/uploads\/2012\/09\/p1100546-300x186.jpg\" alt=\"\" width=\"300\" height=\"186\" srcset=\"http:\/\/www.martinpinsonnault.com\/wp-content\/uploads\/2012\/09\/p1100546-300x186.jpg 300w, http:\/\/www.martinpinsonnault.com\/wp-content\/uploads\/2012\/09\/p1100546-150x93.jpg 150w, http:\/\/www.martinpinsonnault.com\/wp-content\/uploads\/2012\/09\/p1100546.jpg 600w\" sizes=\"(max-width: 300px) 100vw, 300px\" \/><\/a>Partenaires du mixage, de gauche \u00e0 droite, moi, Louis Gignac, Gavin Fernandes et Vincent Riendeau.<\/p>\n<p>Un film qui touche aux \u00e9motions, en \u00e9chos les unes aux autres dans un spin, comme seul Jean-Marc Vall\u00e9e sait nous le transmettre&#8230;<\/p>\n<p>Toute l&rsquo;\u00e9quipe du son du film a contribu\u00e9 tr\u00e8s activement avec doigt\u00e9, intelligence et pers\u00e9v\u00e9rance \u00e0 la conception sonore du film, puisse le r\u00e9sultat en t\u00e9moigner.<\/p>\n<p><a rel=\"attachment wp-att-2922\" href=\"http:\/\/www.martinpinsonnault.com\/about-the-sound-of-cafe-de-flore\/p1100608-3\/\"><img loading=\"lazy\" class=\"alignright size-full wp-image-2922\" title=\"Caf\u00e9 de Flore_tapis rouge venise\" src=\"http:\/\/www.martinpinsonnault.com\/wp-content\/uploads\/2012\/09\/caf\u00e9-de-flore_tapis-rouge-venise.jpg\" alt=\"\" width=\"600\" height=\"444\" srcset=\"http:\/\/www.martinpinsonnault.com\/wp-content\/uploads\/2012\/09\/caf\u00e9-de-flore_tapis-rouge-venise.jpg 600w, http:\/\/www.martinpinsonnault.com\/wp-content\/uploads\/2012\/09\/caf\u00e9-de-flore_tapis-rouge-venise-150x111.jpg 150w, http:\/\/www.martinpinsonnault.com\/wp-content\/uploads\/2012\/09\/caf\u00e9-de-flore_tapis-rouge-venise-300x222.jpg 300w\" sizes=\"(max-width: 600px) 100vw, 600px\" \/><\/a><\/p>\n<p>G\u00e9n\u00e9rique:<\/p>\n<p>Pays: \tCanada, France<\/p>\n<p>Compagnie de production: \tItem 7, CRAZY Films et Monkey Pack<\/p>\n<p>Ann\u00e9e: \t2011<\/p>\n<p>R\u00e9alisateur: \tJean-Marc Vall\u00e9e<\/p>\n<p>Producteur: \tPierre Even et Marie-Claude Poulin<\/p>\n<p>Superviseur de montage sonore: \tMartin Pinsonnault<\/p>\n<p>Concepteur sonore: \tMartin Pinsonnault<\/p>\n<p>Monteur effet sonore: \tLuc Raymond<\/p>\n<p>Blaise Blanchier<\/p>\n<p>Preneur de son: \tJean Minondo<\/p>\n<p>Perchiste:Malo Thou\u00e9ment<\/p>\n<p>Monteur dialogue: \tMireille Morin<\/p>\n<p>Superviseur technique: \u00a0 Jean-Philippe Savard<\/p>\n<p>Assistante\t:   St\u00e9phanie Essiambre<\/p>\n<p>Bruiteur: \tSimon Meilleur<\/p>\n<p>Assistant bruiteur:   Maxime Potvin<\/p>\n<p>Preneur de son bruitage: \tJo Caron<\/p>\n<p>Assistant technique: Michel Marchant<\/p>\n<p>Preneur de son postsynchronisation:    Benoit Leduc<\/p>\n<p>Shaun-Nicholas Gallagher<\/p>\n<p>Superviseur de postsynchronisation: \tMireille Morin<\/p>\n<p>Mixeur: \tGavin Fernandes<\/p>\n<p>Louis Gignac<\/p>\n<p>Assistant mixeur:\tVincent Riendeau<\/p>\n<h4>Lien au site du film<\/h4><\/p>\n","protected":false},"excerpt":{"rendered":"<p>Autour du son de Caf\u00e9 de Flore 2 films en un Les deux histoires de Caf\u00e9 de Flore se d\u00e9veloppent ind\u00e9pendamment l&rsquo;une de l&rsquo;autre ce qui permet d&rsquo;adopter une esth\u00e9tique sonore diff\u00e9rente. Progressivement, les deux histoires s&rsquo;entrem\u00ealent et se confondent mais l&rsquo;\u00e9motion persiste, le rythme s&rsquo;acc\u00e9l\u00e8re, la magie fonctionne. \u00ab\u00a0Work in progress\u00a0\u00bb Un film qui<br \/><a class=\"moretag\" href=\"http:\/\/www.martinpinsonnault.com\/fr\/films\/cafe-de-flore\/\">+ Read More<\/a><\/p>\n","protected":false},"author":1,"featured_media":0,"parent":347,"menu_order":1,"comment_status":"closed","ping_status":"closed","template":"","meta":[],"_links":{"self":[{"href":"http:\/\/www.martinpinsonnault.com\/wp-json\/wp\/v2\/pages\/597"}],"collection":[{"href":"http:\/\/www.martinpinsonnault.com\/wp-json\/wp\/v2\/pages"}],"about":[{"href":"http:\/\/www.martinpinsonnault.com\/wp-json\/wp\/v2\/types\/page"}],"author":[{"embeddable":true,"href":"http:\/\/www.martinpinsonnault.com\/wp-json\/wp\/v2\/users\/1"}],"replies":[{"embeddable":true,"href":"http:\/\/www.martinpinsonnault.com\/wp-json\/wp\/v2\/comments?post=597"}],"version-history":[{"count":58,"href":"http:\/\/www.martinpinsonnault.com\/wp-json\/wp\/v2\/pages\/597\/revisions"}],"predecessor-version":[{"id":6161,"href":"http:\/\/www.martinpinsonnault.com\/wp-json\/wp\/v2\/pages\/597\/revisions\/6161"}],"up":[{"embeddable":true,"href":"http:\/\/www.martinpinsonnault.com\/wp-json\/wp\/v2\/pages\/347"}],"wp:attachment":[{"href":"http:\/\/www.martinpinsonnault.com\/wp-json\/wp\/v2\/media?parent=597"}],"curies":[{"name":"wp","href":"https:\/\/api.w.org\/{rel}","templated":true}]}}