{"id":49,"date":"2010-12-08T16:39:15","date_gmt":"2010-12-08T16:39:15","guid":{"rendered":"http:\/\/martinpinsonnault.com\/?page_id=49"},"modified":"2019-05-02T21:45:21","modified_gmt":"2019-05-03T01:45:21","slug":"sound-effects-collections","status":"publish","type":"page","link":"http:\/\/www.martinpinsonnault.com\/fr\/sound-effects-collections\/","title":{"rendered":"Boutique de collections d&rsquo;effets sonores"},"content":{"rendered":"[wp_eStore_category_products:category_id:1:end]\n<div class=\"post-title\">\n<h1>BUNDLES<\/h1>\n<\/div>\n[wp_eStore_category_products:category_id:4:end]\n<p>&nbsp;<\/p>\n<p>LA TRANSACTION<\/p>\n<p>S\u00e9lectionnez le(s) produit(s) d\u00e9sir\u00e9(s) et cliquez sur \u00ab\u00a0Ajouter au panier\u00a0\u00bb. Puis, cliquez sur CHECKOUT, vous serez alors dirig\u00e9 vers le site PayPal.com o\u00f9 vous pouvez effectuer un paiement s\u00e9curis\u00e9. Vous n\u2019avez pas \u00e0 vous inscrire, vous pouvez aussi payer directement sans cr\u00e9er de compte PayPal. Veuillez bien saisir les champs appropri\u00e9s. Si vous \u00eates r\u00e9sidents canadiens et\/ou que vous \u00eates inscrits aux taxes canadiennes, des taxes s\u2019appliquent selon la province de r\u00e9sidence de l\u2019acheteur. Une fois la transaction compl\u00e9t\u00e9e, veuillez consulter votre courrier \u00e9lectronique (m\u00eame adresse email que vous avez fourni lors de la transaction). Vous recevrez imm\u00e9diatement un email de confirmation de commande avec le lien pour un acc\u00e8s priv\u00e9 \u00e0 vos nouveaux effets sonores achet\u00e9s.<\/p>\n<p>LA LICENCE<\/p>\n<p>Ces collections de sons MPSFX sont vendus sous licence. Veuillez lire attentivement les termes de la licence ici. La licence par d\u00e9faut est pour un utilisateur.<\/p>\n<p>Si vous voulez une licence multi-utilisateurs ou pour toute autre question, pri\u00e8re d\u2019entrer en contact avec moi \u00e0 <a href=\"mailto:sales@martinpinsonnault.com\">info@martinpinsonnault.com<\/a><\/p>\n<ul>\n<li>\n<h5>Textures sonores originales<\/h5>\n<\/li>\n<li>\n<h5>Enregistrements sonores de qualit\u00e9<\/h5>\n<\/li>\n<li>\n<h5>Informations METADATA organis\u00e9s et bilingues<\/h5>\n<\/li>\n<li>\n<h5>Description sonore exhaustive permettant plus de pr\u00e9cision et d&rsquo;efficacit\u00e9 dans la recherche future<\/h5>\n<\/li>\n<\/ul>\n<ul>\n<li>\n<h5>source de qualit\u00e9 pour traitements sonores vari\u00e9s<\/h5>\n<\/li>\n<\/ul>\n<h5>Au b\u00e9n\u00e9fice des concepteurs sonores, d\u2019o\u00f9 qu\u2019ils soient!<\/h5>\n<p><span style=\"color: #ff0000;\">[La partie panier d&rsquo;achat est seulement disponible en anglais]<\/span><\/p>\n[wp_eStore_cart_fancy1]\n","protected":false},"excerpt":{"rendered":"<p>[wp_eStore_category_products:category_id:1:end] BUNDLES [wp_eStore_category_products:category_id:4:end] &nbsp; LA TRANSACTION S\u00e9lectionnez le(s) produit(s) d\u00e9sir\u00e9(s) et cliquez sur \u00ab\u00a0Ajouter au panier\u00a0\u00bb. Puis, cliquez sur CHECKOUT, vous serez alors dirig\u00e9 vers le site PayPal.com o\u00f9 vous pouvez effectuer un paiement s\u00e9curis\u00e9. Vous n\u2019avez pas \u00e0 vous inscrire, vous pouvez aussi payer directement sans cr\u00e9er de compte PayPal. Veuillez bien saisir les<br \/><a class=\"moretag\" href=\"http:\/\/www.martinpinsonnault.com\/fr\/sound-effects-collections\/\">+ Read More<\/a><\/p>\n","protected":false},"author":1,"featured_media":0,"parent":0,"menu_order":4,"comment_status":"closed","ping_status":"closed","template":"","meta":[],"_links":{"self":[{"href":"http:\/\/www.martinpinsonnault.com\/wp-json\/wp\/v2\/pages\/49"}],"collection":[{"href":"http:\/\/www.martinpinsonnault.com\/wp-json\/wp\/v2\/pages"}],"about":[{"href":"http:\/\/www.martinpinsonnault.com\/wp-json\/wp\/v2\/types\/page"}],"author":[{"embeddable":true,"href":"http:\/\/www.martinpinsonnault.com\/wp-json\/wp\/v2\/users\/1"}],"replies":[{"embeddable":true,"href":"http:\/\/www.martinpinsonnault.com\/wp-json\/wp\/v2\/comments?post=49"}],"version-history":[{"count":78,"href":"http:\/\/www.martinpinsonnault.com\/wp-json\/wp\/v2\/pages\/49\/revisions"}],"predecessor-version":[{"id":6175,"href":"http:\/\/www.martinpinsonnault.com\/wp-json\/wp\/v2\/pages\/49\/revisions\/6175"}],"wp:attachment":[{"href":"http:\/\/www.martinpinsonnault.com\/wp-json\/wp\/v2\/media?parent=49"}],"curies":[{"name":"wp","href":"https:\/\/api.w.org\/{rel}","templated":true}]}}