{"id":44,"date":"2010-12-08T16:37:31","date_gmt":"2010-12-08T16:37:31","guid":{"rendered":"http:\/\/martinpinsonnault.com\/?page_id=44"},"modified":"2011-04-07T13:06:12","modified_gmt":"2011-04-07T17:06:12","slug":"eye-of-the-beholder","status":"publish","type":"page","link":"http:\/\/www.martinpinsonnault.com\/fr\/films\/eye-of-the-beholder\/","title":{"rendered":"Eye of the Beholder"},"content":{"rendered":"<p><img loading=\"lazy\" class=\"alignright size-full wp-image-1068\" title=\"eyeofthebeholder\" src=\"http:\/\/www.martinpinsonnault.com\/wp-content\/uploads\/2010\/12\/eyeofthebeholder1.jpg\" alt=\"\" width=\"191\" height=\"250\" srcset=\"http:\/\/www.martinpinsonnault.com\/wp-content\/uploads\/2010\/12\/eyeofthebeholder1.jpg 191w, http:\/\/www.martinpinsonnault.com\/wp-content\/uploads\/2010\/12\/eyeofthebeholder1-150x196.jpg 150w\" sizes=\"(max-width: 191px) 100vw, 191px\" \/><\/p>\n<p>Travailler avec Le r\u00e9alisateur australien Stephan Elliott, \u00e9galement connu pour<em><strong> The Adventures of Priscilla, Queen of the Desert<\/strong><\/em> a \u00e9t\u00e9 une exp\u00e9rience tr\u00e8s enrichissante pour moi au niveau de la conception sonore.\u00a0 Il avait une vision tr\u00e8s int\u00e9ressante du son et son film avait un excellent potentiel sonore.\u00a0 Je suis pr\u00eat \u00e0 tout moment pour lui!<\/p>\n<p>18 semaines de montage effet sonore. J&rsquo;ai eu le temps de jouer avec les sons. Le r\u00e9sultat sonore donne une bande sonore dense et vivante avec plusieurs couches, avec plusieurs manipulation de vitesse et d&rsquo;\u00e9galisation et autres stretch disponible du Fairlight MFX 3.\u00a0 Plus il y a du temps, plus le r\u00e9sultat devient original, riche, unique, personnel, pr\u00e9cis et rigoureux.<\/p>\n<p>Plusieurs lieux, la ville, les d\u00e9serts, les centres-villes, les sons de nature, les grillons, les insectes &#8230; les sifflements &#8230; la vapeur, des crissements, les close-up, le montage agressif, les trains, les avions, les voitures, l\u2019accident, les grognements d\u2019animaux, les cloches d\u2019\u00e9glise bizarres&#8230;<\/p>\n<p>Le design sonore des divers appareils \u00e9lectroniques a \u00e9t\u00e9 fait en utilisant beaucoup de sons d&rsquo;insectes (grillons, cigales) \u00e9dit\u00e9s par petits bouts, renvers\u00e9s, d\u00e9cal\u00e9s, ralentis, \u00e9dit\u00e9s, dupliqu\u00e9s, acc\u00e9l\u00e9r\u00e9s en vitesse aux extr\u00eames dans le but de d\u00e9velopper un langage complet de fonctionnement avec les outils d&rsquo;espionnage de Ewan McGreggor. Tout cela pour donner un son plus organique, qui \u00e9veille le sens de l\u2019ou\u00efe. Le son transcende l\u2019\u00e9motion des personnages en pointant diff\u00e9rents d\u00e9tails sonores dans le temps pour aider \u00e0 dynamiser et ponctuer le r\u00e9cit.<\/p>\n<p>Son fusil-magn\u00e9toscope au d\u00e9but a \u00e9t\u00e9 fait en passant le son source dans un ring modulator pour faire varier les changements dans la texture sonore en fonction de ces mouvements, Merci \u00e0 Guy Pelletier pour son ing\u00e9niosit\u00e9!<\/p>\n<p>Respirations, g\u00e9missements, sons d\u2019animaux sont des \u00e9l\u00e9ments avec lesquels j\u2019ai jou\u00e9s pour installer une tension particuli\u00e8re avec des sons obsessionnels.<\/p>\n<p>La musique a \u00e9t\u00e9 r\u00e9alis\u00e9e par Marius Devries, un membre de Massive Attack, donnant le ton pour une trame sonore actuelle, en faisant un bon m\u00e9lange avec mes machins electroniques et organiques.<\/p>\n<p>Les ambiances ont \u00e9t\u00e9 pr\u00e9mix\u00e9s s\u00e9paremment, ce qui a \u00e9t\u00e9 quelque chose de sp\u00e9cial pour moi \u00e0 cette \u00e9poque.<\/p>\n<h4><strong>G\u00e9n\u00e9rique:<\/strong><\/h4>\n<table style=\"background-color: #ffffff;\" border=\"0\" cellspacing=\"5\" cellpadding=\"5\" width=\"450\" bordercolor=\"#ffffff\">\n<tbody>\n<tr>\n<td align=\"right\"><strong>Pays:<\/strong><\/td>\n<td>Canada, UK, Australia<\/td>\n<\/tr>\n<tr>\n<td align=\"right\"><strong>Compagnie de production:<\/strong><\/td>\n<td>Filmline International<\/td>\n<\/tr>\n<tr>\n<td align=\"right\"><strong>Ann\u00e9e:<\/strong><\/td>\n<td>1999<\/td>\n<\/tr>\n<tr>\n<td align=\"right\"><strong>R\u00e9alisateur:<\/strong><\/td>\n<td>Stephan Elliott<\/td>\n<\/tr>\n<tr>\n<td align=\"right\"><strong>Producteur:<\/strong><\/td>\n<td>Nicolas Clermont<\/td>\n<\/tr>\n<tr>\n<td align=\"right\"><strong>Musicien:<\/strong><\/td>\n<td>N.D.<\/td>\n<\/tr>\n<tr>\n<td align=\"right\"><strong>Superviseur de montage sonore:<\/strong><\/td>\n<td>Viateur Paiement<\/td>\n<\/tr>\n<tr>\n<td align=\"right\"><strong>Concepteur sonore:<\/strong><\/td>\n<td>Martin Pinsonnault<\/td>\n<\/tr>\n<tr>\n<td align=\"right\"><strong>Monteur effet sonore:<\/strong><\/td>\n<td>Martin Pinsonnault<\/td>\n<\/tr>\n<tr>\n<td align=\"right\"><strong>Preneur de son:<\/strong><\/td>\n<td>Claude Lahaye<\/td>\n<\/tr>\n<tr>\n<td align=\"right\"><strong>Monteur dialogue:<\/strong><\/td>\n<td>Guy Pelletier<\/td>\n<\/tr>\n<tr>\n<td align=\"right\"><strong>Bruiteur:<\/strong><\/td>\n<td>J\u00e9rome D\u00e9carie<\/td>\n<\/tr>\n<tr>\n<td align=\"right\"><strong>Preneur de son bruitage:<\/strong><\/td>\n<td>Jocelyn Caron<\/td>\n<\/tr>\n<tr>\n<td align=\"right\"><strong>Preneur de son postsynchronisation<\/strong><strong>:<\/strong><\/td>\n<td>N.D.<\/td>\n<\/tr>\n<tr>\n<td align=\"right\"><strong>Superviseur de postsynchronisation<\/strong><strong>:<\/strong><\/td>\n<td>Kirby Jinnah<\/td>\n<\/tr>\n<tr>\n<td align=\"right\"><strong>Mixeur<\/strong><strong>:<\/strong><\/td>\n<td>Hans Peter Strobl<\/td>\n<\/tr>\n<\/tbody>\n<\/table>\n","protected":false},"excerpt":{"rendered":"<p>Travailler avec Le r\u00e9alisateur australien Stephan Elliott, \u00e9galement connu pour The Adventures of Priscilla, Queen of the Desert a \u00e9t\u00e9 une exp\u00e9rience tr\u00e8s enrichissante pour moi au niveau de la conception sonore.\u00a0 Il avait une vision tr\u00e8s int\u00e9ressante du son et son film avait un excellent potentiel sonore.\u00a0 Je suis pr\u00eat \u00e0 tout moment pour<br \/><a class=\"moretag\" href=\"http:\/\/www.martinpinsonnault.com\/fr\/films\/eye-of-the-beholder\/\">+ Read More<\/a><\/p>\n","protected":false},"author":1,"featured_media":0,"parent":347,"menu_order":6,"comment_status":"closed","ping_status":"closed","template":"","meta":[],"_links":{"self":[{"href":"http:\/\/www.martinpinsonnault.com\/wp-json\/wp\/v2\/pages\/44"}],"collection":[{"href":"http:\/\/www.martinpinsonnault.com\/wp-json\/wp\/v2\/pages"}],"about":[{"href":"http:\/\/www.martinpinsonnault.com\/wp-json\/wp\/v2\/types\/page"}],"author":[{"embeddable":true,"href":"http:\/\/www.martinpinsonnault.com\/wp-json\/wp\/v2\/users\/1"}],"replies":[{"embeddable":true,"href":"http:\/\/www.martinpinsonnault.com\/wp-json\/wp\/v2\/comments?post=44"}],"version-history":[{"count":10,"href":"http:\/\/www.martinpinsonnault.com\/wp-json\/wp\/v2\/pages\/44\/revisions"}],"predecessor-version":[{"id":2220,"href":"http:\/\/www.martinpinsonnault.com\/wp-json\/wp\/v2\/pages\/44\/revisions\/2220"}],"up":[{"embeddable":true,"href":"http:\/\/www.martinpinsonnault.com\/wp-json\/wp\/v2\/pages\/347"}],"wp:attachment":[{"href":"http:\/\/www.martinpinsonnault.com\/wp-json\/wp\/v2\/media?parent=44"}],"curies":[{"name":"wp","href":"https:\/\/api.w.org\/{rel}","templated":true}]}}