{"id":398,"date":"2010-12-22T16:04:14","date_gmt":"2010-12-22T16:04:14","guid":{"rendered":"http:\/\/www.martinpinsonnault.com\/"},"modified":"2011-06-19T21:56:00","modified_gmt":"2011-06-20T01:56:00","slug":"sound-collector","status":"publish","type":"page","link":"http:\/\/www.martinpinsonnault.com\/fr\/services\/sound-collector\/","title":{"rendered":"Collectionneur sonore"},"content":{"rendered":"<p>Ma passion pour la collecte de sons a pris racine dans la collection de cartes de hockey et de timbres, puis dans celle de photos, de cam\u00e9ras et de cin\u00e9-cam\u00e9ras.<\/p>\n<p>La banque de sons (sonoth\u00e8que) se construit au fil des ann\u00e9es.<\/p>\n<p>Au coeur de mes objectifs: archiver les sons des grands cycles naturels des saisons et de l\u2019urbanisation en captant ainsi du m\u00eame coup la pr\u00e9sence animale et humaine. Quel vif et grand plaisir que d\u2019enregistrer des sons! Leur utilisation en tant que concepteur sonore est une source intarissable d\u2019imagination, d\u2019id\u00e9es, de couleurs, de textures et de v\u00e9rit\u00e9.<\/p>\n<p>Une base de donn\u00e9es o\u00f9 cohabitent sons et mots offre une multitude de possibilit\u00e9s, selon la pr\u00e9cision et les crit\u00e8res de classement des sons. Une terminologie approfondie et un lexique soign\u00e9 sont n\u00e9cessaires \u00e0 un usage performant et rigoureux. La cr\u00e9ation et l\u2019entretien r\u00e9gulier ainsi que le d\u00e9veloppement de ma sonoth\u00e8que m\u2019ont forc\u00e9 \u00e0 r\u00e9fl\u00e9chir \u00e0 ces sujets. Je compte bien prolonger la discussion avec vous, chers utilisateurs! Avis aux int\u00e9ress\u00e9s.<\/p>\n<p>L\u2019utilisation de sons locaux dans des films devient une pr\u00e9rogative. La richesse sans limites des sons de la nature fournit tout le mat\u00e9riel requis pour sonoriser les films dans la poursuite exigeante du r\u00e9alisme, une grande force du cin\u00e9ma.<\/p>\n<p>Emmagasiner un son est comme capter un moment unique de l\u2019histoire et cela me procure une joie sinc\u00e8re. Plus encore quand la prise est r\u00e9ussie!<\/p>\n<p>L\u2019Internet nous fournit d\u00e9sormais les outils pour partager nos ressources et toutes nos ambitions l\u00e9gitimes.<\/p>\n<p>Plongeons!<\/p>\n","protected":false},"excerpt":{"rendered":"<p>Ma passion pour la collecte de sons a pris racine dans la collection de cartes de hockey et de timbres, puis dans celle de photos, de cam\u00e9ras et de cin\u00e9-cam\u00e9ras. La banque de sons (sonoth\u00e8que) se construit au fil des ann\u00e9es. Au coeur de mes objectifs: archiver les sons des grands cycles naturels des saisons<br \/><a class=\"moretag\" href=\"http:\/\/www.martinpinsonnault.com\/fr\/services\/sound-collector\/\">+ Read More<\/a><\/p>\n","protected":false},"author":1,"featured_media":0,"parent":14,"menu_order":3,"comment_status":"open","ping_status":"closed","template":"","meta":[],"_links":{"self":[{"href":"http:\/\/www.martinpinsonnault.com\/wp-json\/wp\/v2\/pages\/398"}],"collection":[{"href":"http:\/\/www.martinpinsonnault.com\/wp-json\/wp\/v2\/pages"}],"about":[{"href":"http:\/\/www.martinpinsonnault.com\/wp-json\/wp\/v2\/types\/page"}],"author":[{"embeddable":true,"href":"http:\/\/www.martinpinsonnault.com\/wp-json\/wp\/v2\/users\/1"}],"replies":[{"embeddable":true,"href":"http:\/\/www.martinpinsonnault.com\/wp-json\/wp\/v2\/comments?post=398"}],"version-history":[{"count":16,"href":"http:\/\/www.martinpinsonnault.com\/wp-json\/wp\/v2\/pages\/398\/revisions"}],"predecessor-version":[{"id":1779,"href":"http:\/\/www.martinpinsonnault.com\/wp-json\/wp\/v2\/pages\/398\/revisions\/1779"}],"up":[{"embeddable":true,"href":"http:\/\/www.martinpinsonnault.com\/wp-json\/wp\/v2\/pages\/14"}],"wp:attachment":[{"href":"http:\/\/www.martinpinsonnault.com\/wp-json\/wp\/v2\/media?parent=398"}],"curies":[{"name":"wp","href":"https:\/\/api.w.org\/{rel}","templated":true}]}}