{"id":35,"date":"2010-12-08T16:34:43","date_gmt":"2010-12-08T16:34:43","guid":{"rendered":"http:\/\/martinpinsonnault.com\/?page_id=35"},"modified":"2011-04-07T11:30:08","modified_gmt":"2011-04-07T15:30:08","slug":"piranha","status":"publish","type":"page","link":"http:\/\/www.martinpinsonnault.com\/fr\/films\/piranha\/","title":{"rendered":"Piranha"},"content":{"rendered":"<p><p><img loading=\"lazy\" class=\"alignright size-full wp-image-919\" title=\"piranha-3d-poster\" src=\"http:\/\/www.martinpinsonnault.com\/wp-content\/uploads\/2010\/12\/piranha-3d-poster2.jpg\" alt=\"\" width=\"191\" height=\"250\" srcset=\"http:\/\/www.martinpinsonnault.com\/wp-content\/uploads\/2010\/12\/piranha-3d-poster2.jpg 191w, http:\/\/www.martinpinsonnault.com\/wp-content\/uploads\/2010\/12\/piranha-3d-poster2-150x196.jpg 150w\" sizes=\"(max-width: 191px) 100vw, 191px\" \/><\/p>\n<p>Une grande partie de la conception sonore avait \u00e9t\u00e9 faite par d&rsquo;autres membres de l&rsquo;\u00e9quipe pour les mixs temporaires.\u00a0 Mon apport a \u00e9t\u00e9 de terminer le travail de montage sonore et de l\u2019ajuster en fonction des effets visuels primaires.\u00a0 Utiliser des sons agressants, irritants et d\u00e9gueulasses pour faire peur, et cr\u00e9er des tensions chez le spectateur. Plusieurs sons ont \u00e9t\u00e9 manipul\u00e9s avec le pitch shift, Pitch &lsquo;n Time, \u00e9galiseurs, compresseurs et limiteurs, pour construire un son tr\u00e8s agressif et percutant.<\/p>\n<p>Pour ce film, \u201cMore is more\u201d.\u00a0 Pas de place au silence.<\/p>\n<p>Pour les \u00abjumps!\u00bb comme Alexandre Aja les appelaient, aucun son avant les impacts, pour provoquer la surprise chez le spectateur. J\u2019ai fignol\u00e9 ces attaques une par une pour les rendre horrifiantes et \u00e9peurantes.<\/p>\n<p>La premi\u00e8re fois que j&rsquo;ai remis les pieds dans l&rsquo;eau sal\u00e9e, j&rsquo;ai eu quelques inqui\u00e9tudes.<\/p>\n<p>Le r\u00e9sultat final est une exp\u00e9rience sonore unique en son genre.<\/p>\n<h4><strong>G\u00e9n\u00e9rique:<\/strong><\/h4>\n<table style=\"background-color: #ffffff;\" border=\"0\" cellspacing=\"5\" cellpadding=\"5\" width=\"450\" bordercolor=\"#ffffff\">\n<tbody>\n<tr>\n<td align=\"right\"><strong>Pays:<\/strong><\/td>\n<td>USA<\/td>\n<\/tr>\n<tr>\n<td align=\"right\"><strong>Compagnie de production:<\/strong><\/td>\n<td>Dimension Films<\/td>\n<\/tr>\n<tr>\n<td align=\"right\"><strong>Ann\u00e9e:<\/strong><\/td>\n<td>2010<\/td>\n<\/tr>\n<tr>\n<td align=\"right\"><strong>R\u00e9alisateur:<\/strong><\/td>\n<td>Alexandre Aja<\/td>\n<\/tr>\n<tr>\n<td align=\"right\"><strong>Producteur:<\/strong><\/td>\n<td>Mark Canton<\/p>\n<p>Gr\u00e9gory Levasseur<\/td>\n<\/tr>\n<tr>\n<td align=\"right\"><strong>Musicien:<\/strong><\/td>\n<td>N.D.<\/td>\n<\/tr>\n<tr>\n<td align=\"right\"><strong>Superviseur de montage sonore:<\/strong><\/td>\n<td>Marcel Pothier<\/p>\n<p>Martin Pinsonnault<\/td>\n<\/tr>\n<tr>\n<td align=\"right\"><strong>Concepteur sonore:<\/strong><\/td>\n<td>Christian Rivest<\/p>\n<p>Martin Pinsonnault<\/td>\n<\/tr>\n<tr>\n<td align=\"right\"><strong>Monteur effet sonore:<\/strong><\/td>\n<td>Antoine Morin<\/p>\n<p>Fran\u00e7ois Senneville<\/p>\n<p>Jean-Fran\u00e7ois Sauv\u00e9<\/p>\n<p>Denys Dufresne<\/p>\n<p>Ian Herzon<\/td>\n<\/tr>\n<tr>\n<td align=\"right\"><strong>Preneur de son:<\/strong><\/td>\n<td>Michaek B. Koff<\/td>\n<\/tr>\n<tr>\n<td align=\"right\"><strong>Monteur dialogue:<\/strong><\/td>\n<td>Guy Pelletier<\/td>\n<\/tr>\n<tr>\n<td align=\"right\"><strong>Bruiteur:<\/strong><\/td>\n<td>Guy Francoeur<\/td>\n<\/tr>\n<tr>\n<td align=\"right\"><strong>Preneur de son bruitage:<\/strong><\/td>\n<td>Jo Caron<\/td>\n<\/tr>\n<tr>\n<td align=\"right\"><strong>Preneur de son postsynchronisation<\/strong><strong>:<\/strong><\/td>\n<td>N.A.<\/td>\n<\/tr>\n<tr>\n<td align=\"right\"><strong>Superviseur de postsynchronisation<\/strong><strong>:<\/strong><\/td>\n<td>Mark Lanza<\/td>\n<\/tr>\n<tr>\n<td align=\"right\"><strong>Mixeur<\/strong><strong>:<\/strong><\/td>\n<td>Myron Nettinga<\/p>\n<p>Marti D. Humphrey<\/p>\n<p>Shayna Brown<\/p>\n<p>Todd Beckett<\/p>\n<p>Louis Gignac<\/td>\n<\/tr>\n<\/tbody>\n<\/table>\n","protected":false},"excerpt":{"rendered":"<p>Une grande partie de la conception sonore avait \u00e9t\u00e9 faite par d&rsquo;autres membres de l&rsquo;\u00e9quipe pour les mixs temporaires.\u00a0 Mon apport a \u00e9t\u00e9 de terminer le travail de montage sonore et de l\u2019ajuster en fonction des effets visuels primaires.\u00a0 Utiliser des sons agressants, irritants et d\u00e9gueulasses pour faire peur, et cr\u00e9er des tensions chez le<br \/><a class=\"moretag\" href=\"http:\/\/www.martinpinsonnault.com\/fr\/films\/piranha\/\">+ Read More<\/a><\/p>\n","protected":false},"author":1,"featured_media":0,"parent":347,"menu_order":2,"comment_status":"closed","ping_status":"closed","template":"","meta":[],"_links":{"self":[{"href":"http:\/\/www.martinpinsonnault.com\/wp-json\/wp\/v2\/pages\/35"}],"collection":[{"href":"http:\/\/www.martinpinsonnault.com\/wp-json\/wp\/v2\/pages"}],"about":[{"href":"http:\/\/www.martinpinsonnault.com\/wp-json\/wp\/v2\/types\/page"}],"author":[{"embeddable":true,"href":"http:\/\/www.martinpinsonnault.com\/wp-json\/wp\/v2\/users\/1"}],"replies":[{"embeddable":true,"href":"http:\/\/www.martinpinsonnault.com\/wp-json\/wp\/v2\/comments?post=35"}],"version-history":[{"count":14,"href":"http:\/\/www.martinpinsonnault.com\/wp-json\/wp\/v2\/pages\/35\/revisions"}],"predecessor-version":[{"id":2195,"href":"http:\/\/www.martinpinsonnault.com\/wp-json\/wp\/v2\/pages\/35\/revisions\/2195"}],"up":[{"embeddable":true,"href":"http:\/\/www.martinpinsonnault.com\/wp-json\/wp\/v2\/pages\/347"}],"wp:attachment":[{"href":"http:\/\/www.martinpinsonnault.com\/wp-json\/wp\/v2\/media?parent=35"}],"curies":[{"name":"wp","href":"https:\/\/api.w.org\/{rel}","templated":true}]}}