{"id":3452,"date":"2012-03-10T19:04:36","date_gmt":"2012-03-11T00:04:36","guid":{"rendered":"http:\/\/www.martinpinsonnault.com\/"},"modified":"2019-05-02T21:46:39","modified_gmt":"2019-05-03T01:46:39","slug":"war-witch","status":"publish","type":"page","link":"http:\/\/www.martinpinsonnault.com\/fr\/films\/war-witch\/","title":{"rendered":"Rebelle"},"content":{"rendered":"<p><a rel=\"attachment wp-att-3878\" href=\"http:\/\/www.martinpinsonnault.com\/films\/war-witch\/rebelle-2\/\"><img loading=\"lazy\" class=\"alignright size-medium wp-image-3878\" title=\"REBELLE\" src=\"http:\/\/www.martinpinsonnault.com\/wp-content\/uploads\/2012\/03\/rebelle-300x428.jpg\" alt=\"\" width=\"300\" height=\"428\" srcset=\"http:\/\/www.martinpinsonnault.com\/wp-content\/uploads\/2012\/03\/rebelle-300x428.jpg 300w, http:\/\/www.martinpinsonnault.com\/wp-content\/uploads\/2012\/03\/rebelle-150x214.jpg 150w, http:\/\/www.martinpinsonnault.com\/wp-content\/uploads\/2012\/03\/rebelle.jpg 600w\" sizes=\"(max-width: 300px) 100vw, 300px\" \/><\/a>J&rsquo;ai rencontr\u00e9 Kim en 2004, pour <strong><em>Le Gant<\/em><\/strong>, un court-m\u00e9trage sur lequel nous travaillions ensemble.  Nous nous retrouvons sur <em><strong>Rebelle<\/strong><\/em>, un film \u00e9crit et r\u00e9alis\u00e9 par lui.<\/p>\n<p>Le cin\u00e9ma qu\u00e9b\u00e9cois pr\u00e9sente la plupart du temps une forme de qu\u00e9b\u00e9citude; ce n&rsquo;est pas le cas de <em><strong>Rebelle<\/strong><\/em>.   On y pr\u00e9sente des personnages africains et une histoire d&rsquo;enfant-soldat rebelle sous l&rsquo;oeil et l&rsquo;oreille de Qu\u00e9b\u00e9cois.  Une jeune fille se fait kidnapper et devient soldat afin de combattre le gouvernement.  Les \u00e9preuves humaines se succ\u00e8dent; elle encaisse les coups, tout en faisant preuve de r\u00e9silience.<\/p>\n<p>Ma premi\u00e8re question pour Kim \u00e9tait de savoir quel type de son nous allions assigner au film: s&rsquo;agirait-il d&rsquo;une illustration sonore r\u00e9aliste ou d&rsquo;un peu plus&#8230;  Quelques autres questions au moment du visionnement m&rsquo;ont permis de comprendre qu&rsquo;il voulait coller \u00e0 la r\u00e9alit\u00e9.  Nous avons parl\u00e9 d&rsquo;esth\u00e9tique g\u00e9n\u00e9rale, \u00e0 propos de <em><strong>Fish Tank<\/strong><\/em>, et aussi, bien s\u00fbr, de <em><strong>Saving Private Ryan<\/strong><\/em> et autres bons films de guerre.  Il veut un son vrai, des guns percutants, une for\u00eat authentique, du bruitage sensible, une bande sonore fid\u00e8le \u00e0 ses sujets, vraie et sans artifice.  Il souhaite que le son adopte en quelques rares occasions le point de vue du personnage principal, sinon ses pens\u00e9es.  La musique ne sera pr\u00e9sente qu&rsquo;en source, \u00e0 quelques occasions.  La table est mise.<\/p>\n<p><!--more--><\/p>\n<p>Ayant pr\u00e9vu la postproduction sonore \u00e0 compter de d\u00e9cembre 2011 et le mixage en f\u00e9vrier 2012, cela nous donnait huit semaines pour r\u00e9aliser le montage sonore ainsi que trois semaines de mixage en f\u00e9vrier.  Nous avons d\u00fb changer l&rsquo;horaire de postproduction afin de devancer le mixage au d\u00e9but de janvier, dans la perspective o\u00f9 le film serait s\u00e9lectionn\u00e9 pour le Festival de Berlin.  Nos efforts furent par la suite justifi\u00e9s par la s\u00e9lection du film au Festival, qui nous contraignit effectivement \u00e0 terminer plus t\u00f4t!   Il est toujours extr\u00eamement d\u00e9chirant d&rsquo;\u00eatre bouscul\u00e9 par des \u00e9ch\u00e9ances ou des horaires.  Certains diront que \u00e7a fait partie de notre m\u00e9tier&#8230; Je ne m&rsquo;y habitue pas.<\/p>\n<p><a rel=\"attachment wp-att-3604\" href=\"http:\/\/www.martinpinsonnault.com\/?attachment_id=3604\"><img loading=\"lazy\" class=\"aligncenter size-large wp-image-3604\" title=\"Capture d\u2019\u00e9cran 2012-02-20 \u00e0 10.48.08 AM\" src=\"http:\/\/www.martinpinsonnault.com\/wp-content\/uploads\/2012\/12\/capture-d\u2019\u00e9cran-2012-02-20-\u00e0-10.48.08-am-615x313.png\" alt=\"\" width=\"615\" height=\"313\" srcset=\"http:\/\/www.martinpinsonnault.com\/wp-content\/uploads\/2012\/12\/capture-d\u2019\u00e9cran-2012-02-20-\u00e0-10.48.08-am-615x313.png 615w, http:\/\/www.martinpinsonnault.com\/wp-content\/uploads\/2012\/12\/capture-d\u2019\u00e9cran-2012-02-20-\u00e0-10.48.08-am-150x76.png 150w, http:\/\/www.martinpinsonnault.com\/wp-content\/uploads\/2012\/12\/capture-d\u2019\u00e9cran-2012-02-20-\u00e0-10.48.08-am-300x152.png 300w, http:\/\/www.martinpinsonnault.com\/wp-content\/uploads\/2012\/12\/capture-d\u2019\u00e9cran-2012-02-20-\u00e0-10.48.08-am.png 1432w\" sizes=\"(max-width: 615px) 100vw, 615px\" \/><\/a><\/p>\n<p>Ne poss\u00e9dant aucun son original de la r\u00e9gion vis\u00e9e, \u00e9galement peu de sons de guerre, il \u00e9tait imp\u00e9ratif de d\u00e9cider rapidement comment nous allions rassembler les \u00e9l\u00e9ments sonores n\u00e9cessaire au film ainsi qu&rsquo;\u00e0 la bande internationale (M&amp;E).  Avec l&rsquo;aide des producteurs Pierre Even et Marie-Claude Poulin et du preneur de son, Claude La Haye, nous avons d\u00e9cid\u00e9 de miser d&rsquo;abord sur les sons libres et sur les sons des tournages.  En cernant bien les lieux et les besoins sonores qui leur sont propres, en parcourant les sites des tournages \u00e0 la recherche d&rsquo;ambiances uniques, en enregistrant une grande quantit\u00e9 de sons en M\/S  au tournage, en accompagnant Kim et en participant au  mixage, Claude apporte une contribution originale et majeure au film.  Il y a lieu de noter que son syst\u00e8me complet de prise de son Cantar X2, 8 pistes, avec deux micros Schoeps CMIT 5U et un couple M\/S Schoeps (MK41, MK8) devient un outil de choix pour l&rsquo;enregistrement de notre mati\u00e8re premi\u00e8re: les sons.<\/p>\n<p>J&rsquo;ai r\u00e9pertori\u00e9 au del\u00e0 de 400 sons en M\/S, qui nous ont servis au montage sonore par la suite.  Il nous aura fallu, \u00e0 Jean-Fran\u00e7ois Sauv\u00e9, monteur sonore chez Vision Globale et \u00e0 moi, une trentaine de jours pour r\u00e9aliser le montage.  Claire Pochon a mont\u00e9 la piste dialogue et la narration, beaucoup de travail qui ne para\u00eet pas puisqu&rsquo;il est bien fait.  \u00c0 \u00e9couter les sc\u00e8nes de foules et de chansons, pour la largeur, le nombre et la vari\u00e9t\u00e9&#8230;  Pour ce qui est des sons de mitraillettes AK-47, c&rsquo;est en combinant les meilleurs enregistrements synchronis\u00e9s et en ajoutant des ponctuations diverses d&rsquo;autres sources que nous y sommes parvenus.<\/p>\n<p>Ce film m&rsquo;a fourni l&rsquo;occasion d&rsquo;ajouter d&rsquo;autres sons \u00e0 ma sonoth\u00e8que.  Les sons d&rsquo;impacts de roches et de poussi\u00e8res de diff\u00e9rents volumes auraient pu difficilement n&rsquo;\u00eatre faits qu&rsquo;au bruitage.  J&rsquo;ai donc achet\u00e9 <strong>Rocks Sound Library CRFX-002<\/strong> de <a href=\"http:\/\/www.chuckrussomfx.com\/\">Chuck Russom FX<\/a> pour compl\u00e9ter et ajouter des textures sonores.  J&rsquo;en ai utilis\u00e9 plusieurs dans la sc\u00e8ne de fusillade aux abords du fleuve.\u00a0  J&rsquo;ai aussi achet\u00e9 la collection de sons<strong> AK47 PACK  EFX-AK47<\/strong> de <strong>EFX SOUND LIBRARY<\/strong>.  J&rsquo;en attendais des ponctuations plus proches ou plus sourdes ou plus grasses.  Ce que j&rsquo;ai eu en plusieurs d\u00e9clinaisons!<\/p>\n<p><a rel=\"attachment wp-att-3616\" href=\"http:\/\/www.martinpinsonnault.com\/?attachment_id=3616\"><img loading=\"lazy\" class=\"alignnone size-medium wp-image-3616\" title=\"IMG_2253\" src=\"http:\/\/www.martinpinsonnault.com\/wp-content\/uploads\/2012\/12\/img_2253-300x225.jpg\" alt=\"\" width=\"300\" height=\"225\" srcset=\"http:\/\/www.martinpinsonnault.com\/wp-content\/uploads\/2012\/12\/img_2253-300x225.jpg 300w, http:\/\/www.martinpinsonnault.com\/wp-content\/uploads\/2012\/12\/img_2253-150x112.jpg 150w, http:\/\/www.martinpinsonnault.com\/wp-content\/uploads\/2012\/12\/img_2253-615x461.jpg 615w, http:\/\/www.martinpinsonnault.com\/wp-content\/uploads\/2012\/12\/img_2253.jpg 640w\" sizes=\"(max-width: 300px) 100vw, 300px\" \/><\/a><a rel=\"attachment wp-att-3615\" href=\"http:\/\/www.martinpinsonnault.com\/?attachment_id=3615\"><img loading=\"lazy\" class=\"alignnone size-medium wp-image-3615\" title=\"IMG_0486\" src=\"http:\/\/www.martinpinsonnault.com\/wp-content\/uploads\/2012\/12\/img_0486-300x199.jpg\" alt=\"\" width=\"300\" height=\"199\" srcset=\"http:\/\/www.martinpinsonnault.com\/wp-content\/uploads\/2012\/12\/img_0486-300x199.jpg 300w, http:\/\/www.martinpinsonnault.com\/wp-content\/uploads\/2012\/12\/img_0486-150x99.jpg 150w, http:\/\/www.martinpinsonnault.com\/wp-content\/uploads\/2012\/12\/img_0486-615x409.jpg 615w, http:\/\/www.martinpinsonnault.com\/wp-content\/uploads\/2012\/12\/img_0486.jpg 640w\" sizes=\"(max-width: 300px) 100vw, 300px\" \/><\/a><\/p>\n<p>Le bruitage de sons de jungle et de d\u00e9sert a n\u00e9cessit\u00e9 plusieurs nouvelles textures de sable , de terre, de roches et de v\u00e9g\u00e9tations vari\u00e9es, selon des grosseurs et formes diff\u00e9rentes.  Nous avons lou\u00e9 deux armes similaires \u00e0 celles que nous retrouvons dans le film.<\/p>\n<p>Trois semaines denses de mixage furent requises, \u00e9l\u00e9ments de livraison compris!  J&rsquo;\u00e9tais en compagnie de Bernard Gari\u00e9py Strobl, Kim et  Claude.  Sans pr\u00e9mix, en jouant avec de nombreux \u00e9l\u00e9ments, Bernard a m\u00e9ticuleusement mix\u00e9 le son du film \u00e0 la fa\u00e7on d&rsquo;un tricot, dans une d\u00e9marche cr\u00e9ative d&rsquo;\u00e9quipe respectueuse et efficace.  Confiant, Kim nous a soutenu dans l&rsquo;\u00e9laboration de l&rsquo;esth\u00e9tique sonore dans le peu de temps qu&rsquo;il nous restait.<\/p>\n<p>\u00c0 Berlin, Rachel a gagn\u00e9 le prix d&rsquo;interpr\u00e9tation, un d\u00e9part \u00e9clatant.  Les films ont une histoire qui d\u00e9passe celle qu&rsquo;elle repr\u00e9sente.  La br\u00e8ve histoire publique de Rebelle laisse pr\u00e9sager le meilleur pour sa survie en salle!<\/p>\n<p>Voici un son d&rsquo;une grande porte de m\u00e9tal, enregistr\u00e9 lors du tournage.  Il est sans contredit un des \u00e9l\u00e9ments importants de la conception sonore du film.<\/p>\n<p><iframe loading=\"lazy\" width=\"100%\" height=\"166\" scrolling=\"no\" frameborder=\"no\" src=\"http:\/\/w.soundcloud.com\/player\/?url=http%3A%2F%2Fapi.soundcloud.com%2Ftracks%2F42641241&#038;show_artwork=true\"><\/iframe><\/p>\n<p>G\u00e9n\u00e9rique:<\/p>\n<p>Pays: Canada, France<\/p>\n<p>Compagnie de production: Item 7<\/p>\n<p>R\u00e9alisateur et sc\u00e9nariste: Kim Nguyen<\/p>\n<p>Producteur: Pierre Even et Marie-Claude Poulin<\/p>\n<p>Superviseur de montage sonore: Martin Pinsonnault<\/p>\n<p>Concepteur\/monteur sonore: Martin Pinsonnault<\/p>\n<p>Jean-Fran\u00e7ois Sauv\u00e9<\/p>\n<p>Preneur de son: Claude La Haye<\/p>\n<p>Perchiste: Francis P\u00e9loquin<\/p>\n<p>Monteur dialogue: Claire Pochon<\/p>\n<p>Assistant monteur sonore: Jean-Philippe St-Laurent<\/p>\n<p>Bruiteur: Simon Meilleur<\/p>\n<p>Assistant bruiteur: Fanny Dubois-Nguyen<\/p>\n<p>Preneur de son bruitage: Daniel Bisson<\/p>\n<p>Mixeur: Bernard Gari\u00e9py Strobl<\/p>\n<p>Assistants techniques:Yanick Gauthier<\/p>\n<p>Gabrielle Labelle Joly<\/p>\n<p>Louis-Antoine Lassonde<\/p>\n","protected":false},"excerpt":{"rendered":"<p>J&rsquo;ai rencontr\u00e9 Kim en 2004, pour Le Gant, un court-m\u00e9trage sur lequel nous travaillions ensemble. Nous nous retrouvons sur Rebelle, un film \u00e9crit et r\u00e9alis\u00e9 par lui. Le cin\u00e9ma qu\u00e9b\u00e9cois pr\u00e9sente la plupart du temps une forme de qu\u00e9b\u00e9citude; ce n&rsquo;est pas le cas de Rebelle. On y pr\u00e9sente des personnages africains et une histoire<br \/><a class=\"moretag\" href=\"http:\/\/www.martinpinsonnault.com\/fr\/films\/war-witch\/\">+ Read More<\/a><\/p>\n","protected":false},"author":2,"featured_media":0,"parent":347,"menu_order":0,"comment_status":"open","ping_status":"closed","template":"","meta":[],"_links":{"self":[{"href":"http:\/\/www.martinpinsonnault.com\/wp-json\/wp\/v2\/pages\/3452"}],"collection":[{"href":"http:\/\/www.martinpinsonnault.com\/wp-json\/wp\/v2\/pages"}],"about":[{"href":"http:\/\/www.martinpinsonnault.com\/wp-json\/wp\/v2\/types\/page"}],"author":[{"embeddable":true,"href":"http:\/\/www.martinpinsonnault.com\/wp-json\/wp\/v2\/users\/2"}],"replies":[{"embeddable":true,"href":"http:\/\/www.martinpinsonnault.com\/wp-json\/wp\/v2\/comments?post=3452"}],"version-history":[{"count":96,"href":"http:\/\/www.martinpinsonnault.com\/wp-json\/wp\/v2\/pages\/3452\/revisions"}],"predecessor-version":[{"id":6191,"href":"http:\/\/www.martinpinsonnault.com\/wp-json\/wp\/v2\/pages\/3452\/revisions\/6191"}],"up":[{"embeddable":true,"href":"http:\/\/www.martinpinsonnault.com\/wp-json\/wp\/v2\/pages\/347"}],"wp:attachment":[{"href":"http:\/\/www.martinpinsonnault.com\/wp-json\/wp\/v2\/media?parent=3452"}],"curies":[{"name":"wp","href":"https:\/\/api.w.org\/{rel}","templated":true}]}}