{"id":11,"date":"2010-12-08T16:12:25","date_gmt":"2010-12-08T16:12:25","guid":{"rendered":"http:\/\/martinpinsonnault.com\/?page_id=11"},"modified":"2013-04-06T09:18:01","modified_gmt":"2013-04-06T13:18:01","slug":"awards-and-nominations","status":"publish","type":"page","link":"http:\/\/www.martinpinsonnault.com\/fr\/about-me\/awards-and-nominations\/","title":{"rendered":"Prix et nominations"},"content":{"rendered":"<p>2013: Prix \u00c9crans du meilleur montage sonore (<strong><em>Rebelle<\/em><\/strong>)<br \/>\n2013: Jutra du meilleur son (<strong><em>Rebelle<\/em><\/strong>)<\/p>\n<p>2011 : Nomination au Jutra du meilleur son (<strong><em>Caf\u00e9 de Flore<\/em><\/strong>)<\/p>\n<p>2011 : Nomination au G\u00e9nie du meilleur montage sonore (<strong>Caf\u00e9 de Flore<\/strong>)<\/p>\n<p><img loading=\"lazy\" class=\"alignright size-medium wp-image-175\" title=\"DSC_3338\" src=\"http:\/\/www.martinpinsonnault.com\/wp-content\/uploads\/2010\/12\/dsc_3338-300x199.jpg\" alt=\"\" width=\"300\" height=\"199\" srcset=\"http:\/\/www.martinpinsonnault.com\/wp-content\/uploads\/2010\/12\/dsc_3338-300x199.jpg 300w, http:\/\/www.martinpinsonnault.com\/wp-content\/uploads\/2010\/12\/dsc_3338.jpg 550w\" sizes=\"(max-width: 300px) 100vw, 300px\" \/>2008: Nomination au G\u00e9nie du meilleur montage sonore (<em><strong>Nitro<\/strong><\/em>)<\/p>\n<p>2006: G\u00e9nie du meilleur montage sonore (<em><strong>C.R.A.Z.Y.<\/strong><\/em>)<\/p>\n<p>2006: G\u00e9nie du meilleur son d&rsquo;ensemble (<em><strong>C.R.A.Z.Y.<\/strong><\/em>)<\/p>\n<p>2006: Jutra du meilleur son (<em><strong>C.R.A.Z.Y.<\/strong><\/em>)<\/p>\n<p>2003: Jutra du meilleur son (<em><strong>S\u00e9raphin un homme et son p\u00e9ch\u00e9<\/strong><\/em>)<\/p>\n<p>1999: Nomination au Jutra du meilleur son (<em><strong>2 secondes<\/strong><\/em>)<\/p>\n<p>1996: Nomination au G\u00e9nie du meilleur montage sonore (<em><strong>Liste noire<\/strong><\/em>)<\/p>\n<p>1997: Nomination au G\u00e9nie du meilleur montage sonore (<em><strong>Karmina<\/strong><\/em>)<\/p>\n<p>1997: G\u00e9meaux du meilleur son d\u2019ensemble (<em><strong>Rencontres avec les baleines du Saint-Laurent<\/strong><\/em>)<\/p>\n<p>1994: Nomination au G\u00e9meaux du meilleur son dramatique (<em><strong>Les marchands du silence<\/strong><\/em>)<\/p>\n","protected":false},"excerpt":{"rendered":"<p>2013: Prix \u00c9crans du meilleur montage sonore (Rebelle) 2013: Jutra du meilleur son (Rebelle) 2011 : Nomination au Jutra du meilleur son (Caf\u00e9 de Flore) 2011 : Nomination au G\u00e9nie du meilleur montage sonore (Caf\u00e9 de Flore) 2008: Nomination au G\u00e9nie du meilleur montage sonore (Nitro) 2006: G\u00e9nie du meilleur montage sonore (C.R.A.Z.Y.) 2006: G\u00e9nie<br \/><a class=\"moretag\" href=\"http:\/\/www.martinpinsonnault.com\/fr\/about-me\/awards-and-nominations\/\">+ Read More<\/a><\/p>\n","protected":false},"author":1,"featured_media":0,"parent":2,"menu_order":3,"comment_status":"closed","ping_status":"closed","template":"","meta":[],"_links":{"self":[{"href":"http:\/\/www.martinpinsonnault.com\/wp-json\/wp\/v2\/pages\/11"}],"collection":[{"href":"http:\/\/www.martinpinsonnault.com\/wp-json\/wp\/v2\/pages"}],"about":[{"href":"http:\/\/www.martinpinsonnault.com\/wp-json\/wp\/v2\/types\/page"}],"author":[{"embeddable":true,"href":"http:\/\/www.martinpinsonnault.com\/wp-json\/wp\/v2\/users\/1"}],"replies":[{"embeddable":true,"href":"http:\/\/www.martinpinsonnault.com\/wp-json\/wp\/v2\/comments?post=11"}],"version-history":[{"count":18,"href":"http:\/\/www.martinpinsonnault.com\/wp-json\/wp\/v2\/pages\/11\/revisions"}],"predecessor-version":[{"id":4524,"href":"http:\/\/www.martinpinsonnault.com\/wp-json\/wp\/v2\/pages\/11\/revisions\/4524"}],"up":[{"embeddable":true,"href":"http:\/\/www.martinpinsonnault.com\/wp-json\/wp\/v2\/pages\/2"}],"wp:attachment":[{"href":"http:\/\/www.martinpinsonnault.com\/wp-json\/wp\/v2\/media?parent=11"}],"curies":[{"name":"wp","href":"https:\/\/api.w.org\/{rel}","templated":true}]}}