{"id":1010,"date":"2011-02-22T23:27:52","date_gmt":"2011-02-22T23:27:52","guid":{"rendered":"http:\/\/www.martinpinsonnault.com\/"},"modified":"2011-04-07T09:14:58","modified_gmt":"2011-04-07T13:14:58","slug":"because-why","status":"publish","type":"page","link":"http:\/\/www.martinpinsonnault.com\/fr\/films\/because-why\/","title":{"rendered":"Because Why"},"content":{"rendered":"<p><img loading=\"lazy\" class=\"alignnone size-full wp-image-1229\" title=\"becausewhy2\" src=\"http:\/\/www.martinpinsonnault.com\/wp-content\/uploads\/2011\/02\/becausewhy2.jpg\" alt=\"\" width=\"191\" height=\"250\" srcset=\"http:\/\/www.martinpinsonnault.com\/wp-content\/uploads\/2011\/02\/becausewhy2.jpg 191w, http:\/\/www.martinpinsonnault.com\/wp-content\/uploads\/2011\/02\/becausewhy2-150x196.jpg 150w\" sizes=\"(max-width: 191px) 100vw, 191px\" \/><\/strong><\/h4>\n<h4><strong>G\u00e9n\u00e9rique:<\/strong><\/h4>\n<table style=\"background-color: #ffffff;\" border=\"0\" cellspacing=\"5\" cellpadding=\"5\" width=\"450\" bordercolor=\"#ffffff\">\n<tbody>\n<tr>\n<td align=\"right\"><strong>Pays:<\/strong><\/td>\n<td>Canada<\/td>\n<\/tr>\n<tr>\n<td align=\"right\"><strong>Compagnie de production:<\/strong><\/td>\n<td>Aska Film<br \/>\nCinoque Films<\/td>\n<\/tr>\n<tr>\n<td align=\"right\"><strong>Ann\u00e9e:<\/strong><\/td>\n<td>1993<\/td>\n<\/tr>\n<tr>\n<td align=\"right\"><strong>R\u00e9alisateur:<\/strong><\/td>\n<td>Arto Paragamian<\/td>\n<\/tr>\n<tr>\n<td align=\"right\"><strong>Producteur:<\/strong><\/td>\n<td>Claude Gagnon<\/td>\n<\/tr>\n<tr>\n<td align=\"right\"><strong>Musicien:<\/strong><\/td>\n<td>N.D.<\/td>\n<\/tr>\n<tr>\n<td align=\"right\"><strong>Superviseur de montage sonore:<\/strong><\/td>\n<td>Louis Dupire<\/td>\n<\/tr>\n<tr>\n<td align=\"right\"><strong>Concepteur sonore:<\/strong><\/td>\n<td>N.D.<\/td>\n<\/tr>\n<tr>\n<td align=\"right\"><strong>Monteur effet sonore:<\/strong><\/td>\n<td>Martin Pinsonnault<\/td>\n<\/tr>\n<tr>\n<td align=\"right\"><strong>Preneur de son:<\/strong><\/td>\n<td>Yvon Benoit<\/td>\n<\/tr>\n<tr>\n<td align=\"right\"><strong>Monteur dialogue:<\/strong><\/td>\n<td>Alice Wright<\/td>\n<\/tr>\n<tr>\n<td align=\"right\"><strong>Bruiteur:<\/strong><\/td>\n<td>N.A.<\/td>\n<\/tr>\n<tr>\n<td align=\"right\"><strong>Preneur de son bruitage:<\/strong><\/td>\n<td>N.A.<\/td>\n<\/tr>\n<tr>\n<td align=\"right\"><strong>Preneur de son postsynchronisation<\/strong><strong>:<\/strong><\/td>\n<td>N.D.<\/td>\n<\/tr>\n<tr>\n<td align=\"right\"><strong>Superviseur de postsynchronisation<\/strong><strong>:<\/strong><\/td>\n<td>N.A.<\/td>\n<\/tr>\n<tr>\n<td align=\"right\"><strong>Mixeur<\/strong><strong>:<\/strong><\/td>\n<td>Michel Descombes<\/td>\n<\/tr>\n<\/tbody>\n<\/table>\n","protected":false},"excerpt":{"rendered":"<p>G\u00e9n\u00e9rique: Pays: Canada Compagnie de production: Aska Film Cinoque Films Ann\u00e9e: 1993 R\u00e9alisateur: Arto Paragamian Producteur: Claude Gagnon Musicien: N.D. Superviseur de montage sonore: Louis Dupire Concepteur sonore: N.D. Monteur effet sonore: Martin Pinsonnault Preneur de son: Yvon Benoit Monteur dialogue: Alice Wright Bruiteur: N.A. Preneur de son bruitage: N.A. Preneur de son postsynchronisation: N.D.<br \/><a class=\"moretag\" href=\"http:\/\/www.martinpinsonnault.com\/fr\/films\/because-why\/\">+ Read More<\/a><\/p>\n","protected":false},"author":1,"featured_media":0,"parent":347,"menu_order":0,"comment_status":"closed","ping_status":"closed","template":"","meta":[],"_links":{"self":[{"href":"http:\/\/www.martinpinsonnault.com\/wp-json\/wp\/v2\/pages\/1010"}],"collection":[{"href":"http:\/\/www.martinpinsonnault.com\/wp-json\/wp\/v2\/pages"}],"about":[{"href":"http:\/\/www.martinpinsonnault.com\/wp-json\/wp\/v2\/types\/page"}],"author":[{"embeddable":true,"href":"http:\/\/www.martinpinsonnault.com\/wp-json\/wp\/v2\/users\/1"}],"replies":[{"embeddable":true,"href":"http:\/\/www.martinpinsonnault.com\/wp-json\/wp\/v2\/comments?post=1010"}],"version-history":[{"count":4,"href":"http:\/\/www.martinpinsonnault.com\/wp-json\/wp\/v2\/pages\/1010\/revisions"}],"predecessor-version":[{"id":1226,"href":"http:\/\/www.martinpinsonnault.com\/wp-json\/wp\/v2\/pages\/1010\/revisions\/1226"}],"up":[{"embeddable":true,"href":"http:\/\/www.martinpinsonnault.com\/wp-json\/wp\/v2\/pages\/347"}],"wp:attachment":[{"href":"http:\/\/www.martinpinsonnault.com\/wp-json\/wp\/v2\/media?parent=1010"}],"curies":[{"name":"wp","href":"https:\/\/api.w.org\/{rel}","templated":true}]}}