{"id":1006,"date":"2011-02-22T23:24:14","date_gmt":"2011-02-22T23:24:14","guid":{"rendered":"http:\/\/www.martinpinsonnault.com\/"},"modified":"2011-04-07T09:24:47","modified_gmt":"2011-04-07T13:24:47","slug":"liste-noire","status":"publish","type":"page","link":"http:\/\/www.martinpinsonnault.com\/fr\/films\/liste-noire\/","title":{"rendered":"Liste noire"},"content":{"rendered":"<p><img loading=\"lazy\" class=\"alignnone size-full wp-image-1223\" title=\"listenoire\" src=\"http:\/\/www.martinpinsonnault.com\/wp-content\/uploads\/2011\/02\/listenoire.jpg\" alt=\"\" width=\"191\" height=\"250\" srcset=\"http:\/\/www.martinpinsonnault.com\/wp-content\/uploads\/2011\/02\/listenoire.jpg 191w, http:\/\/www.martinpinsonnault.com\/wp-content\/uploads\/2011\/02\/listenoire-150x196.jpg 150w\" sizes=\"(max-width: 191px) 100vw, 191px\" \/><\/strong><\/h4>\n<h4><strong>G\u00e9n\u00e9rique:<\/strong><\/h4>\n<table style=\"background-color: #ffffff;\" border=\"0\" cellspacing=\"5\" cellpadding=\"5\" width=\"450\" bordercolor=\"#ffffff\">\n<tbody>\n<tr>\n<td align=\"right\"><strong>Pays:<\/strong><\/td>\n<td>Canada<\/td>\n<\/tr>\n<tr>\n<td align=\"right\"><strong>Compagnie de production:<\/strong><\/td>\n<td>GPA Films<\/td>\n<\/tr>\n<tr>\n<td align=\"right\"><strong>Ann\u00e9e:<\/strong><\/td>\n<td>1995<\/td>\n<\/tr>\n<tr>\n<td align=\"right\"><strong>R\u00e9alisateur:<\/strong><\/td>\n<td>Jean-Marc Vall\u00e9e<\/td>\n<\/tr>\n<tr>\n<td align=\"right\"><strong>Producteur:<\/strong><\/td>\n<td>Marcel Giroux<\/td>\n<\/tr>\n<tr>\n<td align=\"right\"><strong>Musicien:<\/strong><\/td>\n<td>N.D.<\/td>\n<\/tr>\n<tr>\n<td align=\"right\"><strong>Superviseur de montage sonore:<\/strong><\/td>\n<td>Louis Dupire<\/td>\n<\/tr>\n<tr>\n<td align=\"right\"><strong>Concepteur sonore:<\/strong><\/td>\n<td>Martin Pinsonnault<\/td>\n<\/tr>\n<tr>\n<td align=\"right\"><strong>Monteur effet sonore:<\/strong><\/td>\n<td>Martin Pinsonnault<br \/>\n\u00c9ric Fortin<br \/>\nFr\u00e9d\u00e9ric Grenon<\/td>\n<\/tr>\n<tr>\n<td align=\"right\"><strong>Preneur de son:<\/strong><\/td>\n<td>Daniel Masse<\/td>\n<\/tr>\n<tr>\n<td align=\"right\"><strong>Monteur dialogue:<\/strong><\/td>\n<td>Alice Wright<\/td>\n<\/tr>\n<tr>\n<td align=\"right\"><strong>Bruiteur:<\/strong><\/td>\n<td>Monique V\u00e9zina<\/td>\n<\/tr>\n<tr>\n<td align=\"right\"><strong>Preneur de son bruitage:<\/strong><\/td>\n<td>Gavin Fernandes<\/td>\n<\/tr>\n<tr>\n<td align=\"right\"><strong>Monteur postsynchronisation<\/strong><strong>:<\/strong><\/td>\n<td>Pierre-Jules Audet<\/td>\n<\/tr>\n<tr>\n<td align=\"right\"><strong>Superviseur de postsynchronisation<\/strong><strong>:<\/strong><\/td>\n<td>Diane Boucher<\/td>\n<\/tr>\n<tr>\n<td align=\"right\"><strong>Mixeur<\/strong><strong>:<\/strong><\/td>\n<td>Gavin Fernandes<br \/>\nLouis Gignac<\/td>\n<\/tr>\n<\/tbody>\n<\/table>\n","protected":false},"excerpt":{"rendered":"<p>G\u00e9n\u00e9rique: Pays: Canada Compagnie de production: GPA Films Ann\u00e9e: 1995 R\u00e9alisateur: Jean-Marc Vall\u00e9e Producteur: Marcel Giroux Musicien: N.D. Superviseur de montage sonore: Louis Dupire Concepteur sonore: Martin Pinsonnault Monteur effet sonore: Martin Pinsonnault \u00c9ric Fortin Fr\u00e9d\u00e9ric Grenon Preneur de son: Daniel Masse Monteur dialogue: Alice Wright Bruiteur: Monique V\u00e9zina Preneur de son bruitage: Gavin Fernandes<br \/><a class=\"moretag\" href=\"http:\/\/www.martinpinsonnault.com\/fr\/films\/liste-noire\/\">+ Read More<\/a><\/p>\n","protected":false},"author":1,"featured_media":0,"parent":347,"menu_order":0,"comment_status":"closed","ping_status":"closed","template":"","meta":[],"_links":{"self":[{"href":"http:\/\/www.martinpinsonnault.com\/wp-json\/wp\/v2\/pages\/1006"}],"collection":[{"href":"http:\/\/www.martinpinsonnault.com\/wp-json\/wp\/v2\/pages"}],"about":[{"href":"http:\/\/www.martinpinsonnault.com\/wp-json\/wp\/v2\/types\/page"}],"author":[{"embeddable":true,"href":"http:\/\/www.martinpinsonnault.com\/wp-json\/wp\/v2\/users\/1"}],"replies":[{"embeddable":true,"href":"http:\/\/www.martinpinsonnault.com\/wp-json\/wp\/v2\/comments?post=1006"}],"version-history":[{"count":5,"href":"http:\/\/www.martinpinsonnault.com\/wp-json\/wp\/v2\/pages\/1006\/revisions"}],"predecessor-version":[{"id":2108,"href":"http:\/\/www.martinpinsonnault.com\/wp-json\/wp\/v2\/pages\/1006\/revisions\/2108"}],"up":[{"embeddable":true,"href":"http:\/\/www.martinpinsonnault.com\/wp-json\/wp\/v2\/pages\/347"}],"wp:attachment":[{"href":"http:\/\/www.martinpinsonnault.com\/wp-json\/wp\/v2\/media?parent=1006"}],"curies":[{"name":"wp","href":"https:\/\/api.w.org\/{rel}","templated":true}]}}